{"id":6940,"date":"2024-04-30T10:17:14","date_gmt":"2024-04-30T08:17:14","guid":{"rendered":"https:\/\/anasta.fr\/?page_id=6940"},"modified":"2024-04-30T11:28:24","modified_gmt":"2024-04-30T09:28:24","slug":"la-sauvegarde","status":"publish","type":"page","link":"https:\/\/anasta.fr\/en\/la-sauvegarde\/","title":{"rendered":"La sauvegarde"},"content":{"rendered":"<div data-elementor-type=\"wp-post\" data-elementor-id=\"6940\" class=\"elementor elementor-6940\">\n\t\t\t\t\t\t\t\t\t<section class=\"elementor-section elementor-top-section elementor-element elementor-element-f128c41 elementor-section-boxed elementor-section-height-default elementor-section-height-default\" data-id=\"f128c41\" data-element_type=\"section\">\n\t\t\t\t\t\t<div class=\"elementor-container elementor-column-gap-default\">\n\t\t\t\t\t<div class=\"elementor-column elementor-col-100 elementor-top-column elementor-element elementor-element-da40339\" data-id=\"da40339\" data-element_type=\"column\">\n\t\t\t<div class=\"elementor-widget-wrap elementor-element-populated\">\n\t\t\t\t\t\t\t\t<div class=\"elementor-element elementor-element-f41a7c5 elementor-widget elementor-widget-gva-heading-block\" data-id=\"f41a7c5\" data-element_type=\"widget\" data-widget_type=\"gva-heading-block.default\">\n\t\t\t\t<div class=\"elementor-widget-container\">\n\t\t\t<div class=\"gva-element-gva-heading-block gva-element\">   <div class=\"align-left style-1 widget gsc-heading\">\r\n      <div class=\"content-inner\">\r\n         \r\n                  \r\n                     <div class=\"sub-title\"><span>Qu&#039;est ce que<\/span><\/div>\r\n           \r\n         \r\n                     <h2 class=\"title\">\r\n               <span>La Sauvegarde<\/span>\r\n            <\/h2>\r\n                  \r\n         \r\n      <\/div>\r\n   <\/div>\r\n   <div class=\"clearfix\"><\/div>\r\n<\/div>\t\t<\/div>\n\t\t\t\t<\/div>\n\t\t\t\t<div class=\"elementor-element elementor-element-c2b9a22 elementor-widget elementor-widget-text-editor\" data-id=\"c2b9a22\" data-element_type=\"widget\" data-widget_type=\"text-editor.default\">\n\t\t\t\t<div class=\"elementor-widget-container\">\n\t\t\t<style>\/*! elementor - v3.17.0 - 01-11-2023 *\/\n.elementor-widget-text-editor.elementor-drop-cap-view-stacked .elementor-drop-cap{background-color:#69727d;color:#fff}.elementor-widget-text-editor.elementor-drop-cap-view-framed .elementor-drop-cap{color:#69727d;border:3px solid;background-color:transparent}.elementor-widget-text-editor:not(.elementor-drop-cap-view-default) .elementor-drop-cap{margin-top:8px}.elementor-widget-text-editor:not(.elementor-drop-cap-view-default) .elementor-drop-cap-letter{width:1em;height:1em}.elementor-widget-text-editor .elementor-drop-cap{float:left;text-align:center;line-height:1;font-size:50px}.elementor-widget-text-editor .elementor-drop-cap-letter{display:inline-block}<\/style>\t\t\t\t<p>La Sauvegarde est une proc\u00e9dure collective permettant d\u2019anticiper des difficult\u00e9s futures mettant \u00e0 mal la continuit\u00e9 de l\u2019activit\u00e9 de la soci\u00e9t\u00e9. Elle permet notamment de r\u00e9organiser l\u2019activit\u00e9 \u00e9conomique et geler les dettes au jour de son ouverture pour les rembourser selon un plan \u00e9tabli en collaboration avec un Administrateur Judiciaire.<\/p>\t\t\t\t\t\t<\/div>\n\t\t\t\t<\/div>\n\t\t\t\t\t<\/div>\n\t\t<\/div>\n\t\t\t\t\t\t\t<\/div>\n\t\t<\/section>\n\t\t<div class=\"elementor-element elementor-element-ae104a9 e-flex e-con-boxed e-con e-parent\" data-id=\"ae104a9\" data-element_type=\"container\" data-settings=\"{&quot;background_background&quot;:&quot;classic&quot;,&quot;content_width&quot;:&quot;boxed&quot;}\" data-core-v316-plus=\"true\">\n\t\t\t\t\t<div class=\"e-con-inner\">\n\t\t\t\t<div class=\"elementor-element elementor-element-1a5b51b elementor-widget elementor-widget-gva-heading-block\" data-id=\"1a5b51b\" data-element_type=\"widget\" data-widget_type=\"gva-heading-block.default\">\n\t\t\t\t<div class=\"elementor-widget-container\">\n\t\t\t<div class=\"gva-element-gva-heading-block gva-element\">   <div class=\"align-left style-1 widget gsc-heading\">\r\n      <div class=\"content-inner\">\r\n         \r\n                  \r\n           \r\n         \r\n                     <h2 class=\"title\">\r\n               <span>Conditions <br>d\u2019ouverture<\/span>\r\n            <\/h2>\r\n                  \r\n         \r\n      <\/div>\r\n   <\/div>\r\n   <div class=\"clearfix\"><\/div>\r\n<\/div>\t\t<\/div>\n\t\t\t\t<\/div>\n\t\t\t\t<div class=\"elementor-element elementor-element-4f58a2c elementor-widget elementor-widget-text-editor\" data-id=\"4f58a2c\" data-element_type=\"widget\" data-widget_type=\"text-editor.default\">\n\t\t\t\t<div class=\"elementor-widget-container\">\n\t\t\t\t\t\t\t<p>La proc\u00e9dure de Sauvegarde peut \u00eatre demand\u00e9e par toute soci\u00e9t\u00e9 qui, sans \u00eatre en \u00e9tat de cessation des paiements, justifie de \u00ab <em>difficult\u00e9s qu&rsquo;il n&rsquo;est pas en mesure de surmonter<\/em>\u00a0\u00bb. Ces difficult\u00e9s ne sont pas limit\u00e9es \u00e0 un aspect financier mais peuvent \u00e9galement \u00eatre juridiques, organisationnelles \u2026<\/p><p>La cessation de paiement est l\u2019impossibilit\u00e9 de faire face \u00e0 son passif exigible avec son actif disponible.<\/p>\t\t\t\t\t\t<\/div>\n\t\t\t\t<\/div>\n\t\t\t\t\t<\/div>\n\t\t\t\t<\/div>\n\t\t<div class=\"elementor-element elementor-element-1f8f566 e-flex e-con-boxed e-con e-parent\" data-id=\"1f8f566\" data-element_type=\"container\" data-settings=\"{&quot;background_background&quot;:&quot;classic&quot;,&quot;content_width&quot;:&quot;boxed&quot;}\" data-core-v316-plus=\"true\">\n\t\t\t\t\t<div class=\"e-con-inner\">\n\t\t\t\t<div class=\"elementor-element elementor-element-1a4d0ee elementor-widget elementor-widget-gva-heading-block\" data-id=\"1a4d0ee\" data-element_type=\"widget\" data-widget_type=\"gva-heading-block.default\">\n\t\t\t\t<div class=\"elementor-widget-container\">\n\t\t\t<div class=\"gva-element-gva-heading-block gva-element\">   <div class=\"align-left style-1 widget gsc-heading\">\r\n      <div class=\"content-inner\">\r\n         \r\n                  \r\n           \r\n         \r\n                     <h2 class=\"title\">\r\n               <span>D\u00e9roulement <\/span>\r\n            <\/h2>\r\n                  \r\n         \r\n      <\/div>\r\n   <\/div>\r\n   <div class=\"clearfix\"><\/div>\r\n<\/div>\t\t<\/div>\n\t\t\t\t<\/div>\n\t\t<div class=\"elementor-element elementor-element-61ecb19 e-con-full e-flex e-con e-child\" data-id=\"61ecb19\" data-element_type=\"container\" data-settings=\"{&quot;content_width&quot;:&quot;full&quot;}\">\n\t\t\t\t<div class=\"elementor-element elementor-element-349e84e elementor-widget__width-initial elementor-position-top elementor-widget elementor-widget-image-box\" data-id=\"349e84e\" data-element_type=\"widget\" data-widget_type=\"image-box.default\">\n\t\t\t\t<div class=\"elementor-widget-container\">\n\t\t\t<style>\/*! elementor - v3.17.0 - 01-11-2023 *\/\n.elementor-widget-image-box .elementor-image-box-content{width:100%}@media (min-width:768px){.elementor-widget-image-box.elementor-position-left .elementor-image-box-wrapper,.elementor-widget-image-box.elementor-position-right .elementor-image-box-wrapper{display:flex}.elementor-widget-image-box.elementor-position-right .elementor-image-box-wrapper{text-align:right;flex-direction:row-reverse}.elementor-widget-image-box.elementor-position-left .elementor-image-box-wrapper{text-align:left;flex-direction:row}.elementor-widget-image-box.elementor-position-top .elementor-image-box-img{margin:auto}.elementor-widget-image-box.elementor-vertical-align-top .elementor-image-box-wrapper{align-items:flex-start}.elementor-widget-image-box.elementor-vertical-align-middle .elementor-image-box-wrapper{align-items:center}.elementor-widget-image-box.elementor-vertical-align-bottom .elementor-image-box-wrapper{align-items:flex-end}}@media (max-width:767px){.elementor-widget-image-box .elementor-image-box-img{margin-left:auto!important;margin-right:auto!important;margin-bottom:15px}}.elementor-widget-image-box .elementor-image-box-img{display:inline-block}.elementor-widget-image-box .elementor-image-box-title a{color:inherit}.elementor-widget-image-box .elementor-image-box-wrapper{text-align:center}.elementor-widget-image-box .elementor-image-box-description{margin:0}<\/style><div class=\"elementor-image-box-wrapper\"><figure class=\"elementor-image-box-img\"><img loading=\"lazy\" decoding=\"async\" width=\"128\" height=\"128\" src=\"https:\/\/anasta.fr\/wp-content\/uploads\/2023\/10\/numero-anasta-1.png\" class=\"attachment-full size-full wp-image-6272\" alt=\"\" \/><\/figure><div class=\"elementor-image-box-content\"><p class=\"elementor-image-box-description\">Le Tribunal de commerce ouvre la proc\u00e9dure de Sauvegarde. Toutes les dettes ant\u00e9rieures au jugement d\u2019ouverture sont gel\u00e9es et ne peuvent plus faire l\u2019objet d\u2019un paiement. <\/p><\/div><\/div>\t\t<\/div>\n\t\t\t\t<\/div>\n\t\t\t\t<div class=\"elementor-element elementor-element-26bed55 elementor-widget__width-initial elementor-position-top elementor-widget elementor-widget-image-box\" data-id=\"26bed55\" data-element_type=\"widget\" data-widget_type=\"image-box.default\">\n\t\t\t\t<div class=\"elementor-widget-container\">\n\t\t\t<div class=\"elementor-image-box-wrapper\"><figure class=\"elementor-image-box-img\"><img loading=\"lazy\" decoding=\"async\" width=\"128\" height=\"129\" src=\"https:\/\/anasta.fr\/wp-content\/uploads\/2023\/10\/numero-anasta-2.png\" class=\"attachment-full size-full wp-image-6273\" alt=\"\" \/><\/figure><div class=\"elementor-image-box-content\"><p class=\"elementor-image-box-description\">S\u2019ensuit une p\u00e9riode d\u2019observation de 6 mois renouvelable 1 fois maximum, pendant laquelle il sera possible, avec l\u2019assistance de l\u2019Administrateur Judiciaire, de r\u00e9organiser la soci\u00e9t\u00e9, de rechercher un investisseur pour entrer au capital social, voire de c\u00e9der une ou plusieurs activit\u00e9s de la soci\u00e9t\u00e9 \u00e0 un repreneur.<\/p><\/div><\/div>\t\t<\/div>\n\t\t\t\t<\/div>\n\t\t\t\t<div class=\"elementor-element elementor-element-5ab6cd2 elementor-widget__width-initial elementor-position-top elementor-widget elementor-widget-image-box\" data-id=\"5ab6cd2\" data-element_type=\"widget\" data-widget_type=\"image-box.default\">\n\t\t\t\t<div class=\"elementor-widget-container\">\n\t\t\t<div class=\"elementor-image-box-wrapper\"><figure class=\"elementor-image-box-img\"><img loading=\"lazy\" decoding=\"async\" width=\"128\" height=\"129\" src=\"https:\/\/anasta.fr\/wp-content\/uploads\/2023\/10\/numero-anasta-3.png\" class=\"attachment-full size-full wp-image-6274\" alt=\"\" \/><\/figure><div class=\"elementor-image-box-content\"><p class=\"elementor-image-box-description\">A l\u2019issue de cette p\u00e9riode d\u2019observation, un plan de Sauvegarde pourra \u00eatre adopt\u00e9 permettant d\u2019\u00e9taler dans le temps le remboursement du passif ant\u00e9rieur au jugement d\u2019ouverture de la proc\u00e9dure. <\/p><\/div><\/div>\t\t<\/div>\n\t\t\t\t<\/div>\n\t\t\t\t<div class=\"elementor-element elementor-element-14b985a elementor-widget__width-initial elementor-position-top elementor-widget elementor-widget-image-box\" data-id=\"14b985a\" data-element_type=\"widget\" data-widget_type=\"image-box.default\">\n\t\t\t\t<div class=\"elementor-widget-container\">\n\t\t\t<div class=\"elementor-image-box-wrapper\"><figure class=\"elementor-image-box-img\"><img loading=\"lazy\" decoding=\"async\" width=\"128\" height=\"129\" src=\"https:\/\/anasta.fr\/wp-content\/uploads\/2023\/10\/numero-anasta-4.png\" class=\"attachment-full size-full wp-image-6275\" alt=\"\" \/><\/figure><div class=\"elementor-image-box-content\"><p class=\"elementor-image-box-description\">Si la soci\u00e9t\u00e9 se retrouve en cessation des paiements au cours de la p\u00e9riode d\u2019observation, celle-ci est convertie en Redressement Judiciaire. <\/p><\/div><\/div>\t\t<\/div>\n\t\t\t\t<\/div>\n\t\t\t\t<\/div>\n\t\t<div class=\"elementor-element elementor-element-0004463 e-flex e-con-boxed e-con e-child\" data-id=\"0004463\" data-element_type=\"container\" data-settings=\"{&quot;content_width&quot;:&quot;boxed&quot;}\">\n\t\t\t\t\t<div class=\"e-con-inner\">\n\t\t\t\t<div class=\"elementor-element elementor-element-b8b7d55 elementor-widget elementor-widget-text-editor\" data-id=\"b8b7d55\" data-element_type=\"widget\" data-widget_type=\"text-editor.default\">\n\t\t\t\t<div class=\"elementor-widget-container\">\n\t\t\t\t\t\t\tLa proc\u00e9dure de Sauvegarde prend fin de 3 mani\u00e8res :\t\t\t\t\t\t<\/div>\n\t\t\t\t<\/div>\n\t\t\t\t<div class=\"elementor-element elementor-element-187dcbb elementor-icon-list--layout-traditional elementor-list-item-link-full_width elementor-widget elementor-widget-icon-list\" data-id=\"187dcbb\" data-element_type=\"widget\" data-widget_type=\"icon-list.default\">\n\t\t\t\t<div class=\"elementor-widget-container\">\n\t\t\t<link rel=\"stylesheet\" href=\"https:\/\/anasta.fr\/wp-content\/plugins\/elementor\/assets\/css\/widget-icon-list.min.css\">\t\t<ul class=\"elementor-icon-list-items\">\n\t\t\t\t\t\t\t<li class=\"elementor-icon-list-item\">\n\t\t\t\t\t\t\t\t\t\t\t<span class=\"elementor-icon-list-icon\">\n\t\t\t\t\t\t\t<i aria-hidden=\"true\" class=\"fas fa-minus\"><\/i>\t\t\t\t\t\t<\/span>\n\t\t\t\t\t\t\t\t\t\t<span class=\"elementor-icon-list-text\">Adoption d\u2019un plan d\u2019adossement : entr\u00e9e au capital d\u2019un nouvel investisseur<\/span>\n\t\t\t\t\t\t\t\t\t<\/li>\n\t\t\t\t\t\t\t\t<li class=\"elementor-icon-list-item\">\n\t\t\t\t\t\t\t\t\t\t\t<span class=\"elementor-icon-list-icon\">\n\t\t\t\t\t\t\t<i aria-hidden=\"true\" class=\"fas fa-minus\"><\/i>\t\t\t\t\t\t<\/span>\n\t\t\t\t\t\t\t\t\t\t<span class=\"elementor-icon-list-text\">Adoption d\u2019un plan de sauvegarde : continuation de l\u2019activit\u00e9 et \u00e9talement sur 10 ans maximum du remboursement du passif ant\u00e9rieur<\/span>\n\t\t\t\t\t\t\t\t\t<\/li>\n\t\t\t\t\t\t\t\t<li class=\"elementor-icon-list-item\">\n\t\t\t\t\t\t\t\t\t\t\t<span class=\"elementor-icon-list-icon\">\n\t\t\t\t\t\t\t<i aria-hidden=\"true\" class=\"fas fa-minus\"><\/i>\t\t\t\t\t\t<\/span>\n\t\t\t\t\t\t\t\t\t\t<span class=\"elementor-icon-list-text\">Conversion de la proc\u00e9dure : en Redressement Judiciaire si l\u2019activit\u00e9 peut \u00eatre redress\u00e9e, en Liquidation Judiciaire si le redressement est impossible.<\/span>\n\t\t\t\t\t\t\t\t\t<\/li>\n\t\t\t\t\t\t<\/ul>\n\t\t\t\t<\/div>\n\t\t\t\t<\/div>\n\t\t\t\t\t<\/div>\n\t\t\t\t<\/div>\n\t\t\t\t\t<\/div>\n\t\t\t\t<\/div>\n\t\t<div class=\"elementor-element elementor-element-8b3eeb1 e-flex e-con-boxed e-con e-parent\" data-id=\"8b3eeb1\" data-element_type=\"container\" data-settings=\"{&quot;content_width&quot;:&quot;boxed&quot;}\" data-core-v316-plus=\"true\">\n\t\t\t\t\t<div class=\"e-con-inner\">\n\t\t\t\t<div class=\"elementor-element elementor-element-441fe83 elementor-widget elementor-widget-heading\" data-id=\"441fe83\" data-element_type=\"widget\" data-widget_type=\"heading.default\">\n\t\t\t\t<div class=\"elementor-widget-container\">\n\t\t\t<style>\/*! elementor - v3.17.0 - 01-11-2023 *\/\n.elementor-heading-title{padding:0;margin:0;line-height:1}.elementor-widget-heading .elementor-heading-title[class*=elementor-size-]>a{color:inherit;font-size:inherit;line-height:inherit}.elementor-widget-heading .elementor-heading-title.elementor-size-small{font-size:15px}.elementor-widget-heading .elementor-heading-title.elementor-size-medium{font-size:19px}.elementor-widget-heading .elementor-heading-title.elementor-size-large{font-size:29px}.elementor-widget-heading .elementor-heading-title.elementor-size-xl{font-size:39px}.elementor-widget-heading .elementor-heading-title.elementor-size-xxl{font-size:59px}<\/style><div class=\"elementor-heading-title elementor-size-default\">Int\u00e9ress\u00e9 ? <br>Vous avez des questions ?<\/div>\t\t<\/div>\n\t\t\t\t<\/div>\n\t\t\t\t<div class=\"elementor-element elementor-element-b12410f elementor-widget elementor-widget-button\" data-id=\"b12410f\" data-element_type=\"widget\" data-widget_type=\"button.default\">\n\t\t\t\t<div class=\"elementor-widget-container\">\n\t\t\t\t\t<div class=\"elementor-button-wrapper\">\n\t\t\t<a class=\"elementor-button elementor-button-link elementor-size-md\" href=\"https:\/\/anasta.fr\/en\/contact\/\">\n\t\t\t\t\t\t<span class=\"elementor-button-content-wrapper\">\n\t\t\t\t\t\t<span class=\"elementor-button-text\">Contactez-nous<\/span>\n\t\t<\/span>\n\t\t\t\t\t<\/a>\n\t\t<\/div>\n\t\t\t\t<\/div>\n\t\t\t\t<\/div>\n\t\t\t\t\t<\/div>\n\t\t\t\t<\/div>\n\t\t\t\t\t\t\t<\/div>","protected":false},"excerpt":{"rendered":"<p>Qu&#039;est ce que La Sauvegarde La Sauvegarde est une proc\u00e9dure collective permettant d\u2019anticiper des difficult\u00e9s futures mettant \u00e0 mal la continuit\u00e9 de l\u2019activit\u00e9 de la soci\u00e9t\u00e9. Elle permet notamment de r\u00e9organiser l\u2019activit\u00e9 \u00e9conomique et geler les dettes au jour de son ouverture pour les rembourser selon un plan \u00e9tabli en collaboration avec un Administrateur Judiciaire. [&hellip;]<\/p>","protected":false},"author":1,"featured_media":0,"parent":0,"menu_order":0,"comment_status":"closed","ping_status":"closed","template":"","meta":{"footnotes":""},"class_list":["post-6940","page","type-page","status-publish","hentry"],"_links":{"self":[{"href":"https:\/\/anasta.fr\/en\/wp-json\/wp\/v2\/pages\/6940","targetHints":{"allow":["GET"]}}],"collection":[{"href":"https:\/\/anasta.fr\/en\/wp-json\/wp\/v2\/pages"}],"about":[{"href":"https:\/\/anasta.fr\/en\/wp-json\/wp\/v2\/types\/page"}],"author":[{"embeddable":true,"href":"https:\/\/anasta.fr\/en\/wp-json\/wp\/v2\/users\/1"}],"replies":[{"embeddable":true,"href":"https:\/\/anasta.fr\/en\/wp-json\/wp\/v2\/comments?post=6940"}],"version-history":[{"count":9,"href":"https:\/\/anasta.fr\/en\/wp-json\/wp\/v2\/pages\/6940\/revisions"}],"predecessor-version":[{"id":6994,"href":"https:\/\/anasta.fr\/en\/wp-json\/wp\/v2\/pages\/6940\/revisions\/6994"}],"wp:attachment":[{"href":"https:\/\/anasta.fr\/en\/wp-json\/wp\/v2\/media?parent=6940"}],"curies":[{"name":"wp","href":"https:\/\/api.w.org\/{rel}","templated":true}]}}