{"id":6071,"date":"2023-09-29T15:35:32","date_gmt":"2023-09-29T13:35:32","guid":{"rendered":"https:\/\/anasta.fr\/?page_id=6071"},"modified":"2024-01-09T11:12:31","modified_gmt":"2024-01-09T10:12:31","slug":"mentions-legales","status":"publish","type":"page","link":"https:\/\/anasta.fr\/en\/mentions-legales\/","title":{"rendered":"Mentions l\u00e9gales"},"content":{"rendered":"<div data-elementor-type=\"wp-page\" data-elementor-id=\"6071\" class=\"elementor elementor-6071\">\n\t\t\t\t\t\t\t<div class=\"elementor-element elementor-element-1f6b8cf e-flex e-con-boxed e-con e-parent\" data-id=\"1f6b8cf\" data-element_type=\"container\" data-settings=\"{&quot;content_width&quot;:&quot;boxed&quot;}\" data-core-v316-plus=\"true\">\n\t\t\t\t\t<div class=\"e-con-inner\">\n\t\t\t\t<div class=\"elementor-element elementor-element-c282ef3 elementor-widget elementor-widget-text-editor\" data-id=\"c282ef3\" data-element_type=\"widget\" data-widget_type=\"text-editor.default\">\n\t\t\t\t<div class=\"elementor-widget-container\">\n\t\t\t<style>\/*! elementor - v3.17.0 - 01-11-2023 *\/\n.elementor-widget-text-editor.elementor-drop-cap-view-stacked .elementor-drop-cap{background-color:#69727d;color:#fff}.elementor-widget-text-editor.elementor-drop-cap-view-framed .elementor-drop-cap{color:#69727d;border:3px solid;background-color:transparent}.elementor-widget-text-editor:not(.elementor-drop-cap-view-default) .elementor-drop-cap{margin-top:8px}.elementor-widget-text-editor:not(.elementor-drop-cap-view-default) .elementor-drop-cap-letter{width:1em;height:1em}.elementor-widget-text-editor .elementor-drop-cap{float:left;text-align:center;line-height:1;font-size:50px}.elementor-widget-text-editor .elementor-drop-cap-letter{display:inline-block}<\/style>\t\t\t\t<h2><b>CONFIDENTIALIT\u00c9<\/b><\/h2><p><span style=\"font-weight: 400;\">ANASTA n&rsquo;enregistre pas d&rsquo;informations personnelles permettant l&rsquo;identification, \u00e0 l&rsquo;exception des formulaires que l&rsquo;utilisateur est libre de remplir. Ces informations ne seront pas utilis\u00e9es sans votre accord, nous les utiliserons seulement pour vous adresser des courriers, des brochures, des devis ou vous contacter.<\/span><\/p><p><span style=\"font-weight: 400;\">Les informations recueillies sur les sites b\u00e9n\u00e9ficient de la protection de la loi \u00ab\u00a0Informatique et Libert\u00e9s\u00a0\u00bb n\u00b0 78-17 du 06 janvier 1978. Elles b\u00e9n\u00e9ficient d&rsquo;un droit d&rsquo;acc\u00e8s, de rectification, d&rsquo;opposition \u00e0 communication et de ANASTA, <\/span><span style=\"font-weight: 400;\">11 RUE VENTURE 13001 MARSEILLE<\/span><span style=\"font-weight: 400;\">.<\/span><\/p><p><span style=\"font-weight: 400;\">ANASTA pourra proc\u00e9der \u00e0 des analyses statistiques sans que celles-ci soient nominatives et pourra en informer des tiers (organismes d&rsquo;\u00e9valuation de fr\u00e9quentation) sous une forme r\u00e9sum\u00e9e et non nominative.<\/span><\/p><h2><b>R\u00c8GLEMENT G\u00c9N\u00c9RAL SUR LA PROTECTION DES DONN\u00c9ES (RGPD)<\/b><\/h2><p><span style=\"font-weight: 400;\">ANASTA s&rsquo;engage \u00e0 ce que la collecte et le traitement de vos donn\u00e9es, effectu\u00e9s \u00e0 partir du site https:\/\/www.anasta.fr , soient conformes au r\u00e8glement g\u00e9n\u00e9ral sur la protection des donn\u00e9es (RGPD). Chaque formulaire ou t\u00e9l\u00e9service limite la collecte des donn\u00e9es personnelles au strict n\u00e9cessaire (minimisation des donn\u00e9es) et indique notamment :<\/span><\/p><ul><li style=\"font-weight: 400;\" aria-level=\"1\"><span style=\"font-weight: 400;\">quels sont les objectifs du recueil de ces donn\u00e9es,<\/span><\/li><li style=\"font-weight: 400;\" aria-level=\"1\"><span style=\"font-weight: 400;\">si ces donn\u00e9es sont obligatoires ou facultatives pour la gestion de votre demande,<\/span><\/li><li style=\"font-weight: 400;\" aria-level=\"1\"><span style=\"font-weight: 400;\">qui pourra en prendre connaissance (uniquement ANASTA en principe, sauf pr\u00e9cision dans le formulaire lorsqu&rsquo;une transmission \u00e0 un tiers est n\u00e9cessaire \u00e0 la gestion de votre demande),<\/span><\/li><\/ul><p><span style=\"font-weight: 400;\">Les donn\u00e9es personnelles recueillies dans le cadre des services propos\u00e9s sur https:\/\/www.anasta.fr sont trait\u00e9es selon des protocoles s\u00e9curis\u00e9s et permettent \u00e0 ANASTA de g\u00e9rer les demandes re\u00e7ues dans ses applications informatiques.<\/span><\/p><p><span style=\"font-weight: 400;\">Pour toute information ou exercice de vos droits Informatique et Libert\u00e9s sur les traitements de donn\u00e9es personnelles g\u00e9r\u00e9s par ANASTA, vous pouvez contacter ANASTA et \u00e9ventuellement son d\u00e9l\u00e9gu\u00e9 \u00e0 la protection des donn\u00e9es (DPO), ou vous tourner vers la <\/span><a href=\"https:\/\/www.cnil.fr\/\"><span style=\"font-weight: 400;\">CNIL<\/span><\/a><span style=\"font-weight: 400;\">.<\/span><\/p><h2><b>UTILISATION DE COOKIES<\/b><\/h2><p><span style=\"font-weight: 400;\">Les cookies permettent d\u2019enregistrer les informations (non personnelles) relatives \u00e0 la navigation des utilisateurs sur internet. Les cookies d\u00e9pos\u00e9s par ANASTA ont pour objectif l\u2019am\u00e9lioration de l\u2019exp\u00e9rience de navigation des visiteurs ainsi que l\u2019optimisation des statistiques. D\u00e8s lors que vous les accept\u00e9s, ceux-ci ne seront utilis\u00e9s uniquement dans le cadre de votre navigation sur le site <\/span><a href=\"https:\/\/anasta.fr\/en\/\"><span style=\"font-weight: 400;\">https:\/\/www.anasta.fr<\/span><\/a><span style=\"font-weight: 400;\"> , et ce pour une dur\u00e9e de 6 mois maximum.<\/span><\/p><h2><b>LIENS HYPERTEXTE<\/b><\/h2><p><span style=\"font-weight: 400;\">ANASTA ne contr\u00f4le pas les sites en connexion avec le sien, et ne saurait donc \u00eatre responsable de leur contenu. Les risques li\u00e9s \u00e0 l&rsquo;utilisation de ces sites incombent pleinement \u00e0 l&rsquo;utilisateur. Il se conformera \u00e0 leurs conditions d&rsquo;utilisation.<\/span><\/p><h2><b>\u00c9DITEUR<\/b><\/h2><p><span style=\"font-weight: 400;\">ANASTA<\/span><\/p><p><span style=\"font-weight: 400;\">RCS : Marseille D 509 306 627<br \/><\/span><\/p><p><span style=\"font-weight: 400;\">Si\u00e8ge social : 11 RUE VENTURE 13001 MARSEILLE<\/span><\/p><p><span style=\"font-weight: 400;\">N\u00b0 de t\u00e9l\u00e9phone : 04 91 13 09 50<\/span><\/p><h2><b>H\u00c9BERGEMENT<\/b><\/h2><p><span style=\"font-weight: 400;\">ovh.com<\/span><\/p><p><span style=\"font-weight: 400;\">SASU au capital de 10\u00a0174\u00a0560 euros<\/span><\/p><p><span style=\"font-weight: 400;\">RCS : Lille Metropole B 424 761 419<\/span><\/p><p>Si\u00e8ge social : 2 RUE KELLERMANN 59100 ROUBAIX<\/p>\t\t\t\t\t\t<\/div>\n\t\t\t\t<\/div>\n\t\t\t\t\t<\/div>\n\t\t\t\t<\/div>\n\t\t\t\t\t\t\t<\/div>","protected":false},"excerpt":{"rendered":"<p>CONFIDENTIALIT\u00c9 ANASTA n&rsquo;enregistre pas d&rsquo;informations personnelles permettant l&rsquo;identification, \u00e0 l&rsquo;exception des formulaires que l&rsquo;utilisateur est libre de remplir. Ces informations ne seront pas utilis\u00e9es sans votre accord, nous les utiliserons seulement pour vous adresser des courriers, des brochures, des devis ou vous contacter. Les informations recueillies sur les sites b\u00e9n\u00e9ficient de la protection de la [&hellip;]<\/p>","protected":false},"author":1,"featured_media":0,"parent":0,"menu_order":0,"comment_status":"closed","ping_status":"closed","template":"","meta":{"footnotes":""},"class_list":["post-6071","page","type-page","status-publish","hentry"],"_links":{"self":[{"href":"https:\/\/anasta.fr\/en\/wp-json\/wp\/v2\/pages\/6071","targetHints":{"allow":["GET"]}}],"collection":[{"href":"https:\/\/anasta.fr\/en\/wp-json\/wp\/v2\/pages"}],"about":[{"href":"https:\/\/anasta.fr\/en\/wp-json\/wp\/v2\/types\/page"}],"author":[{"embeddable":true,"href":"https:\/\/anasta.fr\/en\/wp-json\/wp\/v2\/users\/1"}],"replies":[{"embeddable":true,"href":"https:\/\/anasta.fr\/en\/wp-json\/wp\/v2\/comments?post=6071"}],"version-history":[{"count":7,"href":"https:\/\/anasta.fr\/en\/wp-json\/wp\/v2\/pages\/6071\/revisions"}],"predecessor-version":[{"id":6791,"href":"https:\/\/anasta.fr\/en\/wp-json\/wp\/v2\/pages\/6071\/revisions\/6791"}],"wp:attachment":[{"href":"https:\/\/anasta.fr\/en\/wp-json\/wp\/v2\/media?parent=6071"}],"curies":[{"name":"wp","href":"https:\/\/api.w.org\/{rel}","templated":true}]}}