{"id":5467,"date":"2019-06-14T01:41:36","date_gmt":"2019-06-13T23:41:36","guid":{"rendered":"https:\/\/themegavias.com\/wp\/vizeon\/?page_id=5467"},"modified":"2024-04-30T09:44:20","modified_gmt":"2024-04-30T07:44:20","slug":"notre-valeur-ajoutee","status":"publish","type":"page","link":"https:\/\/anasta.fr\/en\/notre-valeur-ajoutee\/","title":{"rendered":"Notre valeur ajout\u00e9e"},"content":{"rendered":"<div data-elementor-type=\"wp-post\" data-elementor-id=\"5467\" class=\"elementor elementor-5467\">\n\t\t\t\t\t\t\t<div class=\"elementor-element elementor-element-cc05f33 e-flex e-con-boxed e-con e-parent\" data-id=\"cc05f33\" data-element_type=\"container\" data-settings=\"{&quot;content_width&quot;:&quot;boxed&quot;}\" data-core-v316-plus=\"true\">\n\t\t\t\t\t<div class=\"e-con-inner\">\n\t\t<div class=\"elementor-element elementor-element-9fa4def e-con-full e-flex e-con e-child\" data-id=\"9fa4def\" data-element_type=\"container\" data-settings=\"{&quot;content_width&quot;:&quot;full&quot;}\">\n\t\t\t\t<div class=\"elementor-element elementor-element-bc274dd elementor-widget elementor-widget-gva-heading-block\" data-id=\"bc274dd\" data-element_type=\"widget\" data-widget_type=\"gva-heading-block.default\">\n\t\t\t\t<div class=\"elementor-widget-container\">\n\t\t\t<div class=\"gva-element-gva-heading-block gva-element\">   <div class=\"align-left style-1 widget gsc-heading\">\r\n      <div class=\"content-inner\">\r\n         \r\n                  \r\n                     <div class=\"sub-title\"><span>Qui est Anasta<\/span><\/div>\r\n           \r\n         \r\n                     <h2 class=\"title\">\r\n               <span>Notre valeur ajout\u00e9e<\/span>\r\n            <\/h2>\r\n                  \r\n         \r\n      <\/div>\r\n   <\/div>\r\n   <div class=\"clearfix\"><\/div>\r\n<\/div>\t\t<\/div>\n\t\t\t\t<\/div>\n\t\t\t\t<div class=\"elementor-element elementor-element-c5b013c elementor-widget elementor-widget-text-editor\" data-id=\"c5b013c\" data-element_type=\"widget\" data-widget_type=\"text-editor.default\">\n\t\t\t\t<div class=\"elementor-widget-container\">\n\t\t\t<style>\/*! elementor - v3.17.0 - 01-11-2023 *\/\n.elementor-widget-text-editor.elementor-drop-cap-view-stacked .elementor-drop-cap{background-color:#69727d;color:#fff}.elementor-widget-text-editor.elementor-drop-cap-view-framed .elementor-drop-cap{color:#69727d;border:3px solid;background-color:transparent}.elementor-widget-text-editor:not(.elementor-drop-cap-view-default) .elementor-drop-cap{margin-top:8px}.elementor-widget-text-editor:not(.elementor-drop-cap-view-default) .elementor-drop-cap-letter{width:1em;height:1em}.elementor-widget-text-editor .elementor-drop-cap{float:left;text-align:center;line-height:1;font-size:50px}.elementor-widget-text-editor .elementor-drop-cap-letter{display:inline-block}<\/style>\t\t\t\t<p>Le Cabinet ANASTA est fier de son savoir-faire en <strong>mati\u00e8re de proc\u00e9dures de pr\u00e9ventions<\/strong>. Forts de sa <strong>maitrise du mandat ad hoc<\/strong> et de la <strong>conciliation<\/strong>, ANASTA accompagne les dirigeants dans la <strong>n\u00e9gociation d\u2019accords<\/strong> avec les partenaires des entreprises, leur proposant ainsi une<strong> alternative aux proc\u00e9dures<\/strong> devant les tribunaux et leur permettant de <strong>gagner du temps<\/strong> et de <strong>l\u2019\u00e9nergie<\/strong>.<\/p>\t\t\t\t\t\t<\/div>\n\t\t\t\t<\/div>\n\t\t\t\t<\/div>\n\t\t\t\t\t<\/div>\n\t\t\t\t<\/div>\n\t\t<div class=\"elementor-element elementor-element-2234323 e-flex e-con-boxed e-con e-parent\" data-id=\"2234323\" data-element_type=\"container\" data-settings=\"{&quot;content_width&quot;:&quot;boxed&quot;}\" data-core-v316-plus=\"true\">\n\t\t\t\t\t<div class=\"e-con-inner\">\n\t\t<div class=\"elementor-element elementor-element-ec2757b e-con-full e-flex e-con e-child\" data-id=\"ec2757b\" data-element_type=\"container\" data-settings=\"{&quot;content_width&quot;:&quot;full&quot;,&quot;background_background&quot;:&quot;classic&quot;}\">\n\t\t\t\t<div class=\"elementor-element elementor-element-f0ccae7 elementor-widget elementor-widget-image\" data-id=\"f0ccae7\" data-element_type=\"widget\" data-widget_type=\"image.default\">\n\t\t\t\t<div class=\"elementor-widget-container\">\n\t\t\t<style>\/*! elementor - v3.17.0 - 01-11-2023 *\/\n.elementor-widget-image{text-align:center}.elementor-widget-image a{display:inline-block}.elementor-widget-image a img[src$=\".svg\"]{width:48px}.elementor-widget-image img{vertical-align:middle;display:inline-block}<\/style>\t\t\t\t\t\t\t\t\t\t\t\t<img loading=\"lazy\" decoding=\"async\" width=\"900\" height=\"563\" src=\"https:\/\/anasta.fr\/wp-content\/uploads\/2023\/11\/home-independance-1.jpg\" class=\"attachment-large size-large wp-image-6672\" alt=\"\" \/>\t\t\t\t\t\t\t\t\t\t\t\t\t\t\t<\/div>\n\t\t\t\t<\/div>\n\t\t<div class=\"elementor-element elementor-element-3660ea5 e-con-full content-inner e-flex e-con e-child\" data-id=\"3660ea5\" data-element_type=\"container\" data-settings=\"{&quot;content_width&quot;:&quot;full&quot;,&quot;background_background&quot;:&quot;classic&quot;}\">\n\t\t\t\t<div class=\"elementor-element elementor-element-343757e elementor-widget elementor-widget-heading\" data-id=\"343757e\" data-element_type=\"widget\" data-widget_type=\"heading.default\">\n\t\t\t\t<div class=\"elementor-widget-container\">\n\t\t\t<style>\/*! elementor - v3.17.0 - 01-11-2023 *\/\n.elementor-heading-title{padding:0;margin:0;line-height:1}.elementor-widget-heading .elementor-heading-title[class*=elementor-size-]>a{color:inherit;font-size:inherit;line-height:inherit}.elementor-widget-heading .elementor-heading-title.elementor-size-small{font-size:15px}.elementor-widget-heading .elementor-heading-title.elementor-size-medium{font-size:19px}.elementor-widget-heading .elementor-heading-title.elementor-size-large{font-size:29px}.elementor-widget-heading .elementor-heading-title.elementor-size-xl{font-size:39px}.elementor-widget-heading .elementor-heading-title.elementor-size-xxl{font-size:59px}<\/style><h2 class=\"elementor-heading-title elementor-size-default\">Ind\u00e9pendance<\/h2>\t\t<\/div>\n\t\t\t\t<\/div>\n\t\t\t\t<div class=\"elementor-element elementor-element-4ab35e9 elementor-widget elementor-widget-text-editor\" data-id=\"4ab35e9\" data-element_type=\"widget\" data-widget_type=\"text-editor.default\">\n\t\t\t\t<div class=\"elementor-widget-container\">\n\t\t\t\t\t\t\tNous vous assurons une approche impartiale, d\u00e9pourvue d&rsquo;influences externes. Ce qui nous permet de prot\u00e9ger vos int\u00e9r\u00eats avec int\u00e9grit\u00e9, transparence et engagement.\t\t\t\t\t\t<\/div>\n\t\t\t\t<\/div>\n\t\t\t\t<\/div>\n\t\t\t\t<\/div>\n\t\t<div class=\"elementor-element elementor-element-4437867 e-con-full e-flex e-con e-child\" data-id=\"4437867\" data-element_type=\"container\" data-settings=\"{&quot;content_width&quot;:&quot;full&quot;,&quot;background_background&quot;:&quot;classic&quot;}\">\n\t\t\t\t<div class=\"elementor-element elementor-element-60ad90d elementor-widget elementor-widget-image\" data-id=\"60ad90d\" data-element_type=\"widget\" data-widget_type=\"image.default\">\n\t\t\t\t<div class=\"elementor-widget-container\">\n\t\t\t\t\t\t\t\t\t\t\t\t\t\t\t<img loading=\"lazy\" decoding=\"async\" width=\"640\" height=\"404\" src=\"https:\/\/anasta.fr\/wp-content\/uploads\/2023\/11\/home-accompagnement.jpg\" class=\"attachment-large size-large wp-image-6667\" alt=\"\" \/>\t\t\t\t\t\t\t\t\t\t\t\t\t\t\t<\/div>\n\t\t\t\t<\/div>\n\t\t<div class=\"elementor-element elementor-element-499536d e-con-full content-inner e-flex e-con e-child\" data-id=\"499536d\" data-element_type=\"container\" data-settings=\"{&quot;content_width&quot;:&quot;full&quot;,&quot;background_background&quot;:&quot;classic&quot;}\">\n\t\t\t\t<div class=\"elementor-element elementor-element-a8710b0 elementor-widget elementor-widget-heading\" data-id=\"a8710b0\" data-element_type=\"widget\" data-widget_type=\"heading.default\">\n\t\t\t\t<div class=\"elementor-widget-container\">\n\t\t\t<h2 class=\"elementor-heading-title elementor-size-default\">Accompagnement<\/h2>\t\t<\/div>\n\t\t\t\t<\/div>\n\t\t\t\t<div class=\"elementor-element elementor-element-111ca7e elementor-widget elementor-widget-text-editor\" data-id=\"111ca7e\" data-element_type=\"widget\" data-widget_type=\"text-editor.default\">\n\t\t\t\t<div class=\"elementor-widget-container\">\n\t\t\t\t\t\t\tNotre \u00e9quipe est l\u00e0 pour vous guider \u00e0 chaque \u00e9tape. Nous vous accompagnons avec empathie et expertise, assurant un soutien personnalis\u00e9.\t\t\t\t\t\t<\/div>\n\t\t\t\t<\/div>\n\t\t\t\t<\/div>\n\t\t\t\t<\/div>\n\t\t<div class=\"elementor-element elementor-element-61fa23b e-con-full e-flex e-con e-child\" data-id=\"61fa23b\" data-element_type=\"container\" data-settings=\"{&quot;content_width&quot;:&quot;full&quot;,&quot;background_background&quot;:&quot;classic&quot;}\">\n\t\t\t\t<div class=\"elementor-element elementor-element-a90dcfb elementor-widget elementor-widget-image\" data-id=\"a90dcfb\" data-element_type=\"widget\" data-widget_type=\"image.default\">\n\t\t\t\t<div class=\"elementor-widget-container\">\n\t\t\t\t\t\t\t\t\t\t\t\t\t\t\t<img loading=\"lazy\" decoding=\"async\" width=\"900\" height=\"563\" src=\"https:\/\/anasta.fr\/wp-content\/uploads\/2023\/11\/home-ecoute-1-1024x640.jpg\" class=\"attachment-large size-large wp-image-6671\" alt=\"\" \/>\t\t\t\t\t\t\t\t\t\t\t\t\t\t\t<\/div>\n\t\t\t\t<\/div>\n\t\t<div class=\"elementor-element elementor-element-41db851 e-con-full content-inner e-flex e-con e-child\" data-id=\"41db851\" data-element_type=\"container\" data-settings=\"{&quot;content_width&quot;:&quot;full&quot;,&quot;background_background&quot;:&quot;classic&quot;}\">\n\t\t\t\t<div class=\"elementor-element elementor-element-ece9060 elementor-widget elementor-widget-heading\" data-id=\"ece9060\" data-element_type=\"widget\" data-widget_type=\"heading.default\">\n\t\t\t\t<div class=\"elementor-widget-container\">\n\t\t\t<h2 class=\"elementor-heading-title elementor-size-default\">Ecoute<\/h2>\t\t<\/div>\n\t\t\t\t<\/div>\n\t\t\t\t<div class=\"elementor-element elementor-element-d68f2ef elementor-widget elementor-widget-text-editor\" data-id=\"d68f2ef\" data-element_type=\"widget\" data-widget_type=\"text-editor.default\">\n\t\t\t\t<div class=\"elementor-widget-container\">\n\t\t\t\t\t\t\tVos besoins sont notre priorit\u00e9, et c&rsquo;est en comprenant chaque d\u00e9tail que nous agissons avec pr\u00e9cision pour r\u00e9soudre vos d\u00e9fis.\t\t\t\t\t\t<\/div>\n\t\t\t\t<\/div>\n\t\t\t\t<\/div>\n\t\t\t\t<\/div>\n\t\t\t\t\t<\/div>\n\t\t\t\t<\/div>\n\t\t<div class=\"elementor-element elementor-element-06ee5b0 e-flex e-con-boxed e-con e-parent\" data-id=\"06ee5b0\" data-element_type=\"container\" data-settings=\"{&quot;content_width&quot;:&quot;boxed&quot;}\" data-core-v316-plus=\"true\">\n\t\t\t\t\t<div class=\"e-con-inner\">\n\t\t\t\t<div class=\"elementor-element elementor-element-a550231 elementor-widget elementor-widget-gva-heading-block\" data-id=\"a550231\" data-element_type=\"widget\" data-widget_type=\"gva-heading-block.default\">\n\t\t\t\t<div class=\"elementor-widget-container\">\n\t\t\t<div class=\"gva-element-gva-heading-block gva-element\">   <div class=\"align-center style-1 widget gsc-heading\">\r\n      <div class=\"content-inner\">\r\n         \r\n                  \r\n                     <div class=\"sub-title\"><span> <\/span><\/div>\r\n           \r\n         \r\n                     <h2 class=\"title\">\r\n               <span> <\/span>\r\n            <\/h2>\r\n                  \r\n                     <div class=\"heading-action\">\r\n                       <a href=\"https:\/\/anasta.fr\/en\/contact\/\" class=\"btn-theme btn-cta\">\r\n          En savoir +        <\/a>\r\n\r\n                    <\/div>\r\n         \r\n      <\/div>\r\n   <\/div>\r\n   <div class=\"clearfix\"><\/div>\r\n<\/div>\t\t<\/div>\n\t\t\t\t<\/div>\n\t\t\t\t\t<\/div>\n\t\t\t\t<\/div>\n\t\t\t\t\t\t\t<\/div>","protected":false},"excerpt":{"rendered":"<p>Qui est Anasta Notre valeur ajout\u00e9e Le Cabinet ANASTA est fier de son savoir-faire en mati\u00e8re de proc\u00e9dures de pr\u00e9ventions. Forts de sa maitrise du mandat ad hoc et de la conciliation, ANASTA accompagne les dirigeants dans la n\u00e9gociation d\u2019accords avec les partenaires des entreprises, leur proposant ainsi une alternative aux proc\u00e9dures devant les tribunaux [&hellip;]<\/p>","protected":false},"author":1,"featured_media":0,"parent":0,"menu_order":0,"comment_status":"closed","ping_status":"closed","template":"","meta":{"footnotes":""},"class_list":["post-5467","page","type-page","status-publish","hentry"],"_links":{"self":[{"href":"https:\/\/anasta.fr\/en\/wp-json\/wp\/v2\/pages\/5467","targetHints":{"allow":["GET"]}}],"collection":[{"href":"https:\/\/anasta.fr\/en\/wp-json\/wp\/v2\/pages"}],"about":[{"href":"https:\/\/anasta.fr\/en\/wp-json\/wp\/v2\/types\/page"}],"author":[{"embeddable":true,"href":"https:\/\/anasta.fr\/en\/wp-json\/wp\/v2\/users\/1"}],"replies":[{"embeddable":true,"href":"https:\/\/anasta.fr\/en\/wp-json\/wp\/v2\/comments?post=5467"}],"version-history":[{"count":34,"href":"https:\/\/anasta.fr\/en\/wp-json\/wp\/v2\/pages\/5467\/revisions"}],"predecessor-version":[{"id":6908,"href":"https:\/\/anasta.fr\/en\/wp-json\/wp\/v2\/pages\/5467\/revisions\/6908"}],"wp:attachment":[{"href":"https:\/\/anasta.fr\/en\/wp-json\/wp\/v2\/media?parent=5467"}],"curies":[{"name":"wp","href":"https:\/\/api.w.org\/{rel}","templated":true}]}}