{"id":5448,"date":"2019-06-13T07:25:24","date_gmt":"2019-06-13T05:25:24","guid":{"rendered":"https:\/\/themegavias.com\/wp\/vizeon\/?page_id=5448"},"modified":"2024-10-10T16:18:03","modified_gmt":"2024-10-10T14:18:03","slug":"nos-etudes","status":"publish","type":"page","link":"https:\/\/anasta.fr\/en\/nos-etudes\/","title":{"rendered":"Nos \u00e9tudes"},"content":{"rendered":"<div data-elementor-type=\"wp-post\" data-elementor-id=\"5448\" class=\"elementor elementor-5448\">\n\t\t\t\t\t\t\t<div class=\"elementor-element elementor-element-4c26a98 e-con-full e-flex e-con e-parent\" data-id=\"4c26a98\" data-element_type=\"container\" data-settings=\"{&quot;content_width&quot;:&quot;full&quot;}\" data-core-v316-plus=\"true\">\n\t\t\t\t<div class=\"elementor-element elementor-element-d13b82c elementor-widget elementor-widget-gva-heading-block\" data-id=\"d13b82c\" data-element_type=\"widget\" data-widget_type=\"gva-heading-block.default\">\n\t\t\t\t<div class=\"elementor-widget-container\">\n\t\t\t<div class=\"gva-element-gva-heading-block gva-element\">   <div class=\"align-center style-1 widget gsc-heading\">\r\n      <div class=\"content-inner\">\r\n         \r\n                  \r\n                     <div class=\"sub-title\"><span>Les implantations<\/span><\/div>\r\n           \r\n         \r\n                     <h2 class=\"title\">\r\n               <span>O\u00f9 nous retrouver<\/span>\r\n            <\/h2>\r\n                  \r\n         \r\n      <\/div>\r\n   <\/div>\r\n   <div class=\"clearfix\"><\/div>\r\n<\/div>\t\t<\/div>\n\t\t\t\t<\/div>\n\t\t<div class=\"elementor-element elementor-element-a451c47 e-con-full e-flex e-con e-child\" data-id=\"a451c47\" data-element_type=\"container\" data-settings=\"{&quot;content_width&quot;:&quot;full&quot;}\">\n\t\t<div class=\"elementor-element elementor-element-96c8f7c e-flex e-con-boxed e-con e-child\" data-id=\"96c8f7c\" data-element_type=\"container\" data-settings=\"{&quot;background_background&quot;:&quot;classic&quot;,&quot;content_width&quot;:&quot;boxed&quot;}\">\n\t\t\t\t\t<div class=\"e-con-inner\">\n\t\t\t\t<div class=\"elementor-element elementor-element-8d84e97 elementor-widget elementor-widget-heading\" data-id=\"8d84e97\" data-element_type=\"widget\" data-widget_type=\"heading.default\">\n\t\t\t\t<div class=\"elementor-widget-container\">\n\t\t\t<style>\/*! elementor - v3.17.0 - 01-11-2023 *\/\n.elementor-heading-title{padding:0;margin:0;line-height:1}.elementor-widget-heading .elementor-heading-title[class*=elementor-size-]>a{color:inherit;font-size:inherit;line-height:inherit}.elementor-widget-heading .elementor-heading-title.elementor-size-small{font-size:15px}.elementor-widget-heading .elementor-heading-title.elementor-size-medium{font-size:19px}.elementor-widget-heading .elementor-heading-title.elementor-size-large{font-size:29px}.elementor-widget-heading .elementor-heading-title.elementor-size-xl{font-size:39px}.elementor-widget-heading .elementor-heading-title.elementor-size-xxl{font-size:59px}<\/style><h3 class=\"elementor-heading-title elementor-size-default\">Aix-en-Provence<\/h3>\t\t<\/div>\n\t\t\t\t<\/div>\n\t\t\t\t<div class=\"elementor-element elementor-element-b4d7095 elementor-view-default elementor-widget elementor-widget-gva-information\" data-id=\"b4d7095\" data-element_type=\"widget\" data-widget_type=\"gva-information.default\">\n\t\t\t\t<div class=\"elementor-widget-container\">\n\t\t\t<div class=\"gva-element-gva-information gva-element\">\r\n   <div class=\"gva-information\">\r\n                        <div class=\"information-item\">\r\n                           <div class=\"info-icon\"><i class=\"elementor-icon fa fa-map-marker\"><\/i><\/div>\r\n               \r\n            <div class=\"info-content\">\r\n               <div class=\"title\"><\/div>\r\n               <div class=\"content\">Espace Beauvalle Bat A, 2 Rue Mahatma Gandhi, CS 10404, 13097 AIX-EN-PROVENCE CEDEX 2<\/div>\r\n            <\/div>\r\n         <\/div>\r\n                        <div class=\"information-item\">\r\n                           <div class=\"info-icon\"><i class=\"elementor-icon fa fa-envelope-open\"><\/i><\/div>\r\n               \r\n            <div class=\"info-content\">\r\n               <div class=\"title\"><\/div>\r\n               <div class=\"content\">aix@anasta.fr<\/div>\r\n            <\/div>\r\n         <\/div>\r\n                        <div class=\"information-item\">\r\n                           <div class=\"info-icon\"><i class=\"elementor-icon  fa fa-phone\"><\/i><\/div>\r\n               \r\n            <div class=\"info-content\">\r\n               <div class=\"title\"><\/div>\r\n               <div class=\"content\">04 42 26 56 18<\/div>\r\n            <\/div>\r\n         <\/div>\r\n         <\/div>\r\n<\/div>\t\t<\/div>\n\t\t\t\t<\/div>\n\t\t\t\t\t<\/div>\n\t\t\t\t<\/div>\n\t\t<div class=\"elementor-element elementor-element-a677ad3 e-flex e-con-boxed e-con e-child\" data-id=\"a677ad3\" data-element_type=\"container\" data-settings=\"{&quot;background_background&quot;:&quot;classic&quot;,&quot;content_width&quot;:&quot;boxed&quot;}\">\n\t\t\t\t\t<div class=\"e-con-inner\">\n\t\t\t\t<div class=\"elementor-element elementor-element-a7f7956 elementor-widget elementor-widget-heading\" data-id=\"a7f7956\" data-element_type=\"widget\" data-widget_type=\"heading.default\">\n\t\t\t\t<div class=\"elementor-widget-container\">\n\t\t\t<h3 class=\"elementor-heading-title elementor-size-default\">Annecy<\/h3>\t\t<\/div>\n\t\t\t\t<\/div>\n\t\t\t\t<div class=\"elementor-element elementor-element-5d8eccb elementor-view-default elementor-widget elementor-widget-gva-information\" data-id=\"5d8eccb\" data-element_type=\"widget\" data-widget_type=\"gva-information.default\">\n\t\t\t\t<div class=\"elementor-widget-container\">\n\t\t\t<div class=\"gva-element-gva-information gva-element\">\r\n   <div class=\"gva-information\">\r\n                        <div class=\"information-item\">\r\n                           <div class=\"info-icon\"><i class=\"elementor-icon fa fa-map-marker\"><\/i><\/div>\r\n               \r\n            <div class=\"info-content\">\r\n               <div class=\"title\"><\/div>\r\n               <div class=\"content\">6 Route de Vigni\u00e8res 74000 ANNECY<\/div>\r\n            <\/div>\r\n         <\/div>\r\n                        <div class=\"information-item\">\r\n                           <div class=\"info-icon\"><i class=\"elementor-icon fa fa-envelope-open\"><\/i><\/div>\r\n               \r\n            <div class=\"info-content\">\r\n               <div class=\"title\"><\/div>\r\n               <div class=\"content\">annecy@anasta.fr <\/div>\r\n            <\/div>\r\n         <\/div>\r\n                        <div class=\"information-item\">\r\n                           <div class=\"info-icon\"><i class=\"elementor-icon  fa fa-phone\"><\/i><\/div>\r\n               \r\n            <div class=\"info-content\">\r\n               <div class=\"title\"><\/div>\r\n               <div class=\"content\">04 79 70 86 74<\/div>\r\n            <\/div>\r\n         <\/div>\r\n         <\/div>\r\n<\/div>\t\t<\/div>\n\t\t\t\t<\/div>\n\t\t\t\t\t<\/div>\n\t\t\t\t<\/div>\n\t\t<div class=\"elementor-element elementor-element-5e938f4 e-flex e-con-boxed e-con e-child\" data-id=\"5e938f4\" data-element_type=\"container\" data-settings=\"{&quot;background_background&quot;:&quot;classic&quot;,&quot;content_width&quot;:&quot;boxed&quot;}\">\n\t\t\t\t\t<div class=\"e-con-inner\">\n\t\t\t\t<div class=\"elementor-element elementor-element-008d760 elementor-widget elementor-widget-heading\" data-id=\"008d760\" data-element_type=\"widget\" data-widget_type=\"heading.default\">\n\t\t\t\t<div class=\"elementor-widget-container\">\n\t\t\t<h3 class=\"elementor-heading-title elementor-size-default\">Chamb\u00e9ry<\/h3>\t\t<\/div>\n\t\t\t\t<\/div>\n\t\t\t\t<div class=\"elementor-element elementor-element-c6a7373 elementor-view-default elementor-widget elementor-widget-gva-information\" data-id=\"c6a7373\" data-element_type=\"widget\" data-widget_type=\"gva-information.default\">\n\t\t\t\t<div class=\"elementor-widget-container\">\n\t\t\t<div class=\"gva-element-gva-information gva-element\">\r\n   <div class=\"gva-information\">\r\n                        <div class=\"information-item\">\r\n                           <div class=\"info-icon\"><i class=\"elementor-icon fa fa-map-marker\"><\/i><\/div>\r\n               \r\n            <div class=\"info-content\">\r\n               <div class=\"title\"><\/div>\r\n               <div class=\"content\">5 Avenue du G\u00e9n\u00e9ral de Gaulle 73000 CHAMBERY<\/div>\r\n            <\/div>\r\n         <\/div>\r\n                        <div class=\"information-item\">\r\n                           <div class=\"info-icon\"><i class=\"elementor-icon fa fa-envelope-open\"><\/i><\/div>\r\n               \r\n            <div class=\"info-content\">\r\n               <div class=\"title\"><\/div>\r\n               <div class=\"content\">chambery@anasta.fr<\/div>\r\n            <\/div>\r\n         <\/div>\r\n                        <div class=\"information-item\">\r\n                           <div class=\"info-icon\"><i class=\"elementor-icon  fa fa-phone\"><\/i><\/div>\r\n               \r\n            <div class=\"info-content\">\r\n               <div class=\"title\"><\/div>\r\n               <div class=\"content\">04 79 70 86 74<\/div>\r\n            <\/div>\r\n         <\/div>\r\n         <\/div>\r\n<\/div>\t\t<\/div>\n\t\t\t\t<\/div>\n\t\t\t\t\t<\/div>\n\t\t\t\t<\/div>\n\t\t<div class=\"elementor-element elementor-element-6eb4955 e-flex e-con-boxed e-con e-child\" data-id=\"6eb4955\" data-element_type=\"container\" data-settings=\"{&quot;background_background&quot;:&quot;classic&quot;,&quot;content_width&quot;:&quot;boxed&quot;}\">\n\t\t\t\t\t<div class=\"e-con-inner\">\n\t\t\t\t<div class=\"elementor-element elementor-element-9e962e6 elementor-widget elementor-widget-heading\" data-id=\"9e962e6\" data-element_type=\"widget\" data-widget_type=\"heading.default\">\n\t\t\t\t<div class=\"elementor-widget-container\">\n\t\t\t<h3 class=\"elementor-heading-title elementor-size-default\">Gap<\/h3>\t\t<\/div>\n\t\t\t\t<\/div>\n\t\t\t\t<div class=\"elementor-element elementor-element-63b3ab2 elementor-view-default elementor-widget elementor-widget-gva-information\" data-id=\"63b3ab2\" data-element_type=\"widget\" data-widget_type=\"gva-information.default\">\n\t\t\t\t<div class=\"elementor-widget-container\">\n\t\t\t<div class=\"gva-element-gva-information gva-element\">\r\n   <div class=\"gva-information\">\r\n                        <div class=\"information-item\">\r\n                           <div class=\"info-icon\"><i class=\"elementor-icon fa fa-map-marker\"><\/i><\/div>\r\n               \r\n            <div class=\"info-content\">\r\n               <div class=\"title\"><\/div>\r\n               <div class=\"content\">B\u00e2timent Isatis Quartier Belle Aureille 05000 GAP<\/div>\r\n            <\/div>\r\n         <\/div>\r\n                        <div class=\"information-item\">\r\n                           <div class=\"info-icon\"><i class=\"elementor-icon fa fa-envelope-open\"><\/i><\/div>\r\n               \r\n            <div class=\"info-content\">\r\n               <div class=\"title\"><\/div>\r\n               <div class=\"content\">gap@anasta.fr<\/div>\r\n            <\/div>\r\n         <\/div>\r\n                        <div class=\"information-item\">\r\n                           <div class=\"info-icon\"><i class=\"elementor-icon  fa fa-phone\"><\/i><\/div>\r\n               \r\n            <div class=\"info-content\">\r\n               <div class=\"title\"><\/div>\r\n               <div class=\"content\">04 92 77 67 70<\/div>\r\n            <\/div>\r\n         <\/div>\r\n         <\/div>\r\n<\/div>\t\t<\/div>\n\t\t\t\t<\/div>\n\t\t\t\t\t<\/div>\n\t\t\t\t<\/div>\n\t\t\t\t<\/div>\n\t\t<div class=\"elementor-element elementor-element-b1270e9 e-con-full e-flex e-con e-child\" data-id=\"b1270e9\" data-element_type=\"container\" data-settings=\"{&quot;content_width&quot;:&quot;full&quot;}\">\n\t\t<div class=\"elementor-element elementor-element-cc74863 e-flex e-con-boxed e-con e-child\" data-id=\"cc74863\" data-element_type=\"container\" data-settings=\"{&quot;background_background&quot;:&quot;classic&quot;,&quot;content_width&quot;:&quot;boxed&quot;}\">\n\t\t\t\t\t<div class=\"e-con-inner\">\n\t\t\t\t<div class=\"elementor-element elementor-element-3f1cd68 elementor-widget elementor-widget-heading\" data-id=\"3f1cd68\" data-element_type=\"widget\" data-widget_type=\"heading.default\">\n\t\t\t\t<div class=\"elementor-widget-container\">\n\t\t\t<h3 class=\"elementor-heading-title elementor-size-default\">Grenoble<\/h3>\t\t<\/div>\n\t\t\t\t<\/div>\n\t\t\t\t<div class=\"elementor-element elementor-element-6471d92 elementor-view-default elementor-widget elementor-widget-gva-information\" data-id=\"6471d92\" data-element_type=\"widget\" data-widget_type=\"gva-information.default\">\n\t\t\t\t<div class=\"elementor-widget-container\">\n\t\t\t<div class=\"gva-element-gva-information gva-element\">\r\n   <div class=\"gva-information\">\r\n                        <div class=\"information-item\">\r\n                           <div class=\"info-icon\"><i class=\"elementor-icon fa fa-map-marker\"><\/i><\/div>\r\n               \r\n            <div class=\"info-content\">\r\n               <div class=\"title\"><\/div>\r\n               <div class=\"content\">1 place firmin Gautier, 38000 GRENOBLE<\/div>\r\n            <\/div>\r\n         <\/div>\r\n                        <div class=\"information-item\">\r\n                           <div class=\"info-icon\"><i class=\"elementor-icon fa fa-envelope-open\"><\/i><\/div>\r\n               \r\n            <div class=\"info-content\">\r\n               <div class=\"title\"><\/div>\r\n               <div class=\"content\">grenoble@anasta.fr<\/div>\r\n            <\/div>\r\n         <\/div>\r\n                        <div class=\"information-item\">\r\n                           <div class=\"info-icon\"><i class=\"elementor-icon  fa fa-phone\"><\/i><\/div>\r\n               \r\n            <div class=\"info-content\">\r\n               <div class=\"title\"><\/div>\r\n               <div class=\"content\">04 76 21 46 07<\/div>\r\n            <\/div>\r\n         <\/div>\r\n         <\/div>\r\n<\/div>\t\t<\/div>\n\t\t\t\t<\/div>\n\t\t\t\t\t<\/div>\n\t\t\t\t<\/div>\n\t\t<div class=\"elementor-element elementor-element-9464551 e-flex e-con-boxed e-con e-child\" data-id=\"9464551\" data-element_type=\"container\" data-settings=\"{&quot;background_background&quot;:&quot;classic&quot;,&quot;content_width&quot;:&quot;boxed&quot;}\">\n\t\t\t\t\t<div class=\"e-con-inner\">\n\t\t\t\t<div class=\"elementor-element elementor-element-b658be2 elementor-widget elementor-widget-heading\" data-id=\"b658be2\" data-element_type=\"widget\" data-widget_type=\"heading.default\">\n\t\t\t\t<div class=\"elementor-widget-container\">\n\t\t\t<h3 class=\"elementor-heading-title elementor-size-default\">Lyon<\/h3>\t\t<\/div>\n\t\t\t\t<\/div>\n\t\t\t\t<div class=\"elementor-element elementor-element-632ac08 elementor-view-default elementor-widget elementor-widget-gva-information\" data-id=\"632ac08\" data-element_type=\"widget\" data-widget_type=\"gva-information.default\">\n\t\t\t\t<div class=\"elementor-widget-container\">\n\t\t\t<div class=\"gva-element-gva-information gva-element\">\r\n   <div class=\"gva-information\">\r\n                        <div class=\"information-item\">\r\n                           <div class=\"info-icon\"><i class=\"elementor-icon fa fa-map-marker\"><\/i><\/div>\r\n               \r\n            <div class=\"info-content\">\r\n               <div class=\"title\"><\/div>\r\n               <div class=\"content\">56 rue servient, 69003 LYON<\/div>\r\n            <\/div>\r\n         <\/div>\r\n                        <div class=\"information-item\">\r\n                           <div class=\"info-icon\"><i class=\"elementor-icon fa fa-envelope-open\"><\/i><\/div>\r\n               \r\n            <div class=\"info-content\">\r\n               <div class=\"title\"><\/div>\r\n               <div class=\"content\">lyon@anasta.fr<\/div>\r\n            <\/div>\r\n         <\/div>\r\n                        <div class=\"information-item\">\r\n                           <div class=\"info-icon\"><i class=\"elementor-icon  fa fa-phone\"><\/i><\/div>\r\n               \r\n            <div class=\"info-content\">\r\n               <div class=\"title\"><\/div>\r\n               <div class=\"content\">04 85 58 13 26<\/div>\r\n            <\/div>\r\n         <\/div>\r\n         <\/div>\r\n<\/div>\t\t<\/div>\n\t\t\t\t<\/div>\n\t\t\t\t\t<\/div>\n\t\t\t\t<\/div>\n\t\t<div class=\"elementor-element elementor-element-248548f e-flex e-con-boxed e-con e-child\" data-id=\"248548f\" data-element_type=\"container\" data-settings=\"{&quot;background_background&quot;:&quot;classic&quot;,&quot;content_width&quot;:&quot;boxed&quot;}\">\n\t\t\t\t\t<div class=\"e-con-inner\">\n\t\t\t\t<div class=\"elementor-element elementor-element-26356ac elementor-widget elementor-widget-heading\" data-id=\"26356ac\" data-element_type=\"widget\" data-widget_type=\"heading.default\">\n\t\t\t\t<div class=\"elementor-widget-container\">\n\t\t\t<h3 class=\"elementor-heading-title elementor-size-default\">Manosque<\/h3>\t\t<\/div>\n\t\t\t\t<\/div>\n\t\t\t\t<div class=\"elementor-element elementor-element-ac8a275 elementor-view-default elementor-widget elementor-widget-gva-information\" data-id=\"ac8a275\" data-element_type=\"widget\" data-widget_type=\"gva-information.default\">\n\t\t\t\t<div class=\"elementor-widget-container\">\n\t\t\t<div class=\"gva-element-gva-information gva-element\">\r\n   <div class=\"gva-information\">\r\n                        <div class=\"information-item\">\r\n                           <div class=\"info-icon\"><i class=\"elementor-icon fa fa-map-marker\"><\/i><\/div>\r\n               \r\n            <div class=\"info-content\">\r\n               <div class=\"title\"><\/div>\r\n               <div class=\"content\">Le Mercure II, 338 Avenue de la Lib\u00e9ration, CS 20215, 04107 MANOSQUE CEDEX<\/div>\r\n            <\/div>\r\n         <\/div>\r\n                        <div class=\"information-item\">\r\n                           <div class=\"info-icon\"><i class=\"elementor-icon fa fa-envelope-open\"><\/i><\/div>\r\n               \r\n            <div class=\"info-content\">\r\n               <div class=\"title\"><\/div>\r\n               <div class=\"content\">manosque@anasta.fr<\/div>\r\n            <\/div>\r\n         <\/div>\r\n                        <div class=\"information-item\">\r\n                           <div class=\"info-icon\"><i class=\"elementor-icon  fa fa-phone\"><\/i><\/div>\r\n               \r\n            <div class=\"info-content\">\r\n               <div class=\"title\"><\/div>\r\n               <div class=\"content\">04 92 77 67 70<\/div>\r\n            <\/div>\r\n         <\/div>\r\n         <\/div>\r\n<\/div>\t\t<\/div>\n\t\t\t\t<\/div>\n\t\t\t\t\t<\/div>\n\t\t\t\t<\/div>\n\t\t<div class=\"elementor-element elementor-element-8fa92a0 e-flex e-con-boxed e-con e-child\" data-id=\"8fa92a0\" data-element_type=\"container\" data-settings=\"{&quot;background_background&quot;:&quot;classic&quot;,&quot;content_width&quot;:&quot;boxed&quot;}\">\n\t\t\t\t\t<div class=\"e-con-inner\">\n\t\t\t\t<div class=\"elementor-element elementor-element-1e72267 elementor-widget elementor-widget-heading\" data-id=\"1e72267\" data-element_type=\"widget\" data-widget_type=\"heading.default\">\n\t\t\t\t<div class=\"elementor-widget-container\">\n\t\t\t<h3 class=\"elementor-heading-title elementor-size-default\">Marseille<\/h3>\t\t<\/div>\n\t\t\t\t<\/div>\n\t\t\t\t<div class=\"elementor-element elementor-element-d5c63e8 elementor-view-default elementor-widget elementor-widget-gva-information\" data-id=\"d5c63e8\" data-element_type=\"widget\" data-widget_type=\"gva-information.default\">\n\t\t\t\t<div class=\"elementor-widget-container\">\n\t\t\t<div class=\"gva-element-gva-information gva-element\">\r\n   <div class=\"gva-information\">\r\n                        <div class=\"information-item\">\r\n                           <div class=\"info-icon\"><i class=\"elementor-icon fa fa-map-marker\"><\/i><\/div>\r\n               \r\n            <div class=\"info-content\">\r\n               <div class=\"title\"><\/div>\r\n               <div class=\"content\">11 Rue Venture, CS 80436, 13207 MARSEILLE CEDEX 1<\/div>\r\n            <\/div>\r\n         <\/div>\r\n                        <div class=\"information-item\">\r\n                           <div class=\"info-icon\"><i class=\"elementor-icon fa fa-envelope-open\"><\/i><\/div>\r\n               \r\n            <div class=\"info-content\">\r\n               <div class=\"title\"><\/div>\r\n               <div class=\"content\">marseille@anasta.fr<\/div>\r\n            <\/div>\r\n         <\/div>\r\n                        <div class=\"information-item\">\r\n                           <div class=\"info-icon\"><i class=\"elementor-icon  fa fa-phone\"><\/i><\/div>\r\n               \r\n            <div class=\"info-content\">\r\n               <div class=\"title\"><\/div>\r\n               <div class=\"content\">04 91 13 09 50<\/div>\r\n            <\/div>\r\n         <\/div>\r\n         <\/div>\r\n<\/div>\t\t<\/div>\n\t\t\t\t<\/div>\n\t\t\t\t\t<\/div>\n\t\t\t\t<\/div>\n\t\t\t\t<\/div>\n\t\t\t\t<\/div>\n\t\t<div class=\"elementor-element elementor-element-a8bae48 e-con-full e-flex e-con e-parent\" data-id=\"a8bae48\" data-element_type=\"container\" data-settings=\"{&quot;content_width&quot;:&quot;full&quot;}\" data-core-v316-plus=\"true\">\n\t\t<div class=\"elementor-element elementor-element-61dda95 e-con-full e-flex e-con e-child\" data-id=\"61dda95\" data-element_type=\"container\" data-settings=\"{&quot;content_width&quot;:&quot;full&quot;}\">\n\t\t\t\t<div class=\"elementor-element elementor-element-f677de7 elementor-widget__width-inherit elementor-widget elementor-widget-shortcode\" data-id=\"f677de7\" data-element_type=\"widget\" data-widget_type=\"shortcode.default\">\n\t\t\t\t<div class=\"elementor-widget-container\">\n\t\t\t\t\t<div class=\"elementor-shortcode\"><\/div>\n\t\t\t\t<\/div>\n\t\t\t\t<\/div>\n\t\t\t\t<\/div>\n\t\t\t\t<\/div>\n\t\t\t\t\t\t\t<\/div>","protected":false},"excerpt":{"rendered":"<p>Les implantations O\u00f9 nous retrouver Aix-en-Provence Espace Beauvalle Bat A, 2 Rue Mahatma Gandhi, CS 10404, 13097 AIX-EN-PROVENCE CEDEX 2 aix@anasta.fr 04 42 26 56 18 Annecy 6 Route de Vigni\u00e8res 74000 ANNECY annecy@anasta.fr 04 79 70 86 74 Chamb\u00e9ry 5 Avenue du G\u00e9n\u00e9ral de Gaulle 73000 CHAMBERY chambery@anasta.fr 04 79 70 86 74 Gap [&hellip;]<\/p>","protected":false},"author":1,"featured_media":0,"parent":0,"menu_order":0,"comment_status":"closed","ping_status":"closed","template":"","meta":{"footnotes":""},"class_list":["post-5448","page","type-page","status-publish","hentry"],"_links":{"self":[{"href":"https:\/\/anasta.fr\/en\/wp-json\/wp\/v2\/pages\/5448","targetHints":{"allow":["GET"]}}],"collection":[{"href":"https:\/\/anasta.fr\/en\/wp-json\/wp\/v2\/pages"}],"about":[{"href":"https:\/\/anasta.fr\/en\/wp-json\/wp\/v2\/types\/page"}],"author":[{"embeddable":true,"href":"https:\/\/anasta.fr\/en\/wp-json\/wp\/v2\/users\/1"}],"replies":[{"embeddable":true,"href":"https:\/\/anasta.fr\/en\/wp-json\/wp\/v2\/comments?post=5448"}],"version-history":[{"count":16,"href":"https:\/\/anasta.fr\/en\/wp-json\/wp\/v2\/pages\/5448\/revisions"}],"predecessor-version":[{"id":7008,"href":"https:\/\/anasta.fr\/en\/wp-json\/wp\/v2\/pages\/5448\/revisions\/7008"}],"wp:attachment":[{"href":"https:\/\/anasta.fr\/en\/wp-json\/wp\/v2\/media?parent=5448"}],"curies":[{"name":"wp","href":"https:\/\/api.w.org\/{rel}","templated":true}]}}