{"id":5445,"date":"2019-06-13T07:24:49","date_gmt":"2019-06-13T05:24:49","guid":{"rendered":"https:\/\/themegavias.com\/wp\/vizeon\/?page_id=5445"},"modified":"2024-01-09T10:58:56","modified_gmt":"2024-01-09T09:58:56","slug":"data-room","status":"publish","type":"page","link":"https:\/\/anasta.fr\/en\/data-room\/","title":{"rendered":"Data-room"},"content":{"rendered":"<div data-elementor-type=\"wp-post\" data-elementor-id=\"5445\" class=\"elementor elementor-5445\">\n\t\t\t\t\t\t\t<div class=\"elementor-element elementor-element-31de92f e-flex e-con-boxed e-con e-parent\" data-id=\"31de92f\" data-element_type=\"container\" data-settings=\"{&quot;content_width&quot;:&quot;boxed&quot;}\" data-core-v316-plus=\"true\">\n\t\t\t\t\t<div class=\"e-con-inner\">\n\t\t\t\t<div class=\"elementor-element elementor-element-6a144c9 elementor-widget elementor-widget-gva-heading-block\" data-id=\"6a144c9\" data-element_type=\"widget\" data-widget_type=\"gva-heading-block.default\">\n\t\t\t\t<div class=\"elementor-widget-container\">\n\t\t\t<div class=\"gva-element-gva-heading-block gva-element\">   <div class=\"align-left style-1 widget gsc-heading\">\r\n      <div class=\"content-inner\">\r\n         \r\n                  \r\n                     <div class=\"sub-title\"><span>Acc\u00e9dez \u00e0 <\/span><\/div>\r\n           \r\n         \r\n                     <h2 class=\"title\">\r\n               <span>Votre Data Room en quelques clics<\/span>\r\n            <\/h2>\r\n                              <div class=\"title-desc\"><p>Notre formulaire simple et intuitif vous permettra d'obtenir rapidement un lien d'acc\u00e8s \u00e0 votre espace d\u00e9di\u00e9. Une fois soumis, notre \u00e9quipe traitera votre demande avec la plus grande diligence pour garantir que vous puissiez acc\u00e9der rapidement \u00e0 la data room s\u00e9curis\u00e9e.<\/p><\/div>\r\n         \r\n                     <div class=\"heading-action\">\r\n                       <a href=\"\/en\/=\/\" class=\"btn-theme btn-cta\">\r\n                  <\/a>\r\n\r\n                    <\/div>\r\n         \r\n      <\/div>\r\n   <\/div>\r\n   <div class=\"clearfix\"><\/div>\r\n<\/div>\t\t<\/div>\n\t\t\t\t<\/div>\n\t\t\t\t<div class=\"elementor-element elementor-element-826914d formulaire elementor-widget elementor-widget-shortcode\" data-id=\"826914d\" data-element_type=\"widget\" data-widget_type=\"shortcode.default\">\n\t\t\t\t<div class=\"elementor-widget-container\">\n\t\t\t\t\t<div class=\"elementor-shortcode\">\n<div class=\"wpcf7 no-js\" id=\"wpcf7-f6762-o1\" lang=\"en-US\" dir=\"ltr\">\n<div class=\"screen-reader-response\"><p role=\"status\" aria-live=\"polite\" aria-atomic=\"true\"><\/p> <ul><\/ul><\/div>\n<form action=\"\/en\/wp-json\/wp\/v2\/pages\/5445#wpcf7-f6762-o1\" method=\"post\" class=\"wpcf7-form init\" aria-label=\"Contact form\" novalidate=\"novalidate\" data-status=\"init\" data-trp-original-action=\"\/en\/wp-json\/wp\/v2\/pages\/5445#wpcf7-f6762-o1\">\n<div style=\"display: none;\">\n<input type=\"hidden\" name=\"_wpcf7\" value=\"6762\" \/>\n<input type=\"hidden\" name=\"_wpcf7_version\" value=\"5.8.2\" \/>\n<input type=\"hidden\" name=\"_wpcf7_locale\" value=\"en_US\" \/>\n<input type=\"hidden\" name=\"_wpcf7_unit_tag\" value=\"wpcf7-f6762-o1\" \/>\n<input type=\"hidden\" name=\"_wpcf7_container_post\" value=\"0\" \/>\n<input type=\"hidden\" name=\"_wpcf7_posted_data_hash\" value=\"\" \/>\n<input type=\"hidden\" name=\"_wpcf7_recaptcha_response\" value=\"\" \/>\n<\/div>\n<div class=\"row\">\n   <div class=\"col-sm-6 col-xs-12\"><span class=\"wpcf7-form-control-wrap\" data-name=\"your-name\"><input size=\"40\" class=\"wpcf7-form-control wpcf7-text wpcf7-validates-as-required\" aria-required=\"true\" aria-invalid=\"false\" placeholder=\"Votre nom *\" value=\"\" type=\"text\" name=\"your-name\" \/><\/span> <\/div>\n   <div class=\"col-sm-6 col-xs-12\"><span class=\"wpcf7-form-control-wrap\" data-name=\"your-societe\"><input size=\"40\" class=\"wpcf7-form-control wpcf7-text\" aria-invalid=\"false\" placeholder=\"Votre entreprise\" value=\"\" type=\"text\" name=\"your-societe\" \/><\/span> <\/div>\n<\/div>\n<div class=\"row\">\n   <div class=\"col-sm-6 col-xs-12\"><span class=\"wpcf7-form-control-wrap\" data-name=\"tel\"><input size=\"40\" class=\"wpcf7-form-control wpcf7-tel wpcf7-validates-as-required wpcf7-text wpcf7-validates-as-tel\" aria-required=\"true\" aria-invalid=\"false\" placeholder=\"Votre t\u00e9l\u00e9phone *\" value=\"\" type=\"tel\" name=\"tel\" \/><\/span> <\/div>\n   <div class=\"col-sm-6 col-xs-12\"><span class=\"wpcf7-form-control-wrap\" data-name=\"your-email\"><input size=\"40\" class=\"wpcf7-form-control wpcf7-email wpcf7-validates-as-required wpcf7-text wpcf7-validates-as-email\" aria-required=\"true\" aria-invalid=\"false\" placeholder=\"Votre mail *\" value=\"\" type=\"email\" name=\"your-email\" \/><\/span> <\/div>\n<\/div>\n<div class=\"row\">\n   <div class=\"col-sm-12 col-xs-12\"><span class=\"wpcf7-form-control-wrap\" data-name=\"your-adress\"><input size=\"40\" class=\"wpcf7-form-control wpcf7-text wpcf7-validates-as-required\" aria-required=\"true\" aria-invalid=\"false\" placeholder=\"Votre Adresse\" value=\"\" type=\"text\" name=\"your-adress\" \/><\/span><\/div>\n<\/div>\n<div class=\"row\"><span class=\"wpcf7-form-control-wrap\" data-name=\"politique\"><span class=\"wpcf7-form-control wpcf7-acceptance\"><span class=\"wpcf7-list-item\"><label><input type=\"checkbox\" name=\"politique\" value=\"1\" aria-invalid=\"false\" \/><span class=\"wpcf7-list-item-label\">J\u2019ai lu et accept\u00e9 la <a href=\"https:\/\/anasta.fr\/en\/mentions-legales\/\">politique de confidentialit\u00e9<\/a> du site.<\/span><\/label><\/span><\/span><\/span>\n   <div class=\"col-sm-12 col-xs-12 action text-left\"><input class=\"wpcf7-form-control wpcf7-submit has-spinner\" type=\"submit\" value=\"Envoyer\" \/><\/div>\n<\/div><div class=\"wpcf7-response-output\" aria-hidden=\"true\"><\/div>\n<input type=\"hidden\" name=\"trp-form-language\" value=\"en\"\/><\/form>\n<\/div>\n<\/div>\n\t\t\t\t<\/div>\n\t\t\t\t<\/div>\n\t\t\t\t\t<\/div>\n\t\t\t\t<\/div>\n\t\t\t\t\t\t\t<\/div>","protected":false},"excerpt":{"rendered":"<p>Acc\u00e9dez \u00e0 Votre Data Room en quelques clics Notre formulaire simple et intuitif vous permettra d&rsquo;obtenir rapidement un lien d&rsquo;acc\u00e8s \u00e0 votre espace d\u00e9di\u00e9. Une fois soumis, notre \u00e9quipe traitera votre demande avec la plus grande diligence pour garantir que vous puissiez acc\u00e9der rapidement \u00e0 la data room s\u00e9curis\u00e9e.<\/p>","protected":false},"author":1,"featured_media":0,"parent":0,"menu_order":0,"comment_status":"closed","ping_status":"closed","template":"","meta":{"footnotes":""},"class_list":["post-5445","page","type-page","status-publish","hentry"],"_links":{"self":[{"href":"https:\/\/anasta.fr\/en\/wp-json\/wp\/v2\/pages\/5445","targetHints":{"allow":["GET"]}}],"collection":[{"href":"https:\/\/anasta.fr\/en\/wp-json\/wp\/v2\/pages"}],"about":[{"href":"https:\/\/anasta.fr\/en\/wp-json\/wp\/v2\/types\/page"}],"author":[{"embeddable":true,"href":"https:\/\/anasta.fr\/en\/wp-json\/wp\/v2\/users\/1"}],"replies":[{"embeddable":true,"href":"https:\/\/anasta.fr\/en\/wp-json\/wp\/v2\/comments?post=5445"}],"version-history":[{"count":14,"href":"https:\/\/anasta.fr\/en\/wp-json\/wp\/v2\/pages\/5445\/revisions"}],"predecessor-version":[{"id":6777,"href":"https:\/\/anasta.fr\/en\/wp-json\/wp\/v2\/pages\/5445\/revisions\/6777"}],"wp:attachment":[{"href":"https:\/\/anasta.fr\/en\/wp-json\/wp\/v2\/media?parent=5445"}],"curies":[{"name":"wp","href":"https:\/\/api.w.org\/{rel}","templated":true}]}}