{"id":5442,"date":"2019-06-13T07:24:06","date_gmt":"2019-06-13T07:24:06","guid":{"rendered":"https:\/\/themegavias.com\/wp\/vizeon\/?page_id=5442"},"modified":"2024-04-30T11:20:07","modified_gmt":"2024-04-30T09:20:07","slug":"le-redressement-judiciaire","status":"publish","type":"page","link":"https:\/\/anasta.fr\/en\/le-redressement-judiciaire\/","title":{"rendered":"Le Redressement Judiciaire"},"content":{"rendered":"<div data-elementor-type=\"wp-post\" data-elementor-id=\"5442\" class=\"elementor elementor-5442\">\n\t\t\t\t\t\t\t\t\t<section class=\"elementor-section elementor-top-section elementor-element elementor-element-5e5d67d elementor-section-boxed elementor-section-height-default elementor-section-height-default\" data-id=\"5e5d67d\" data-element_type=\"section\">\n\t\t\t\t\t\t<div class=\"elementor-container elementor-column-gap-default\">\n\t\t\t\t\t<div class=\"elementor-column elementor-col-50 elementor-top-column elementor-element elementor-element-fbdcd54\" data-id=\"fbdcd54\" data-element_type=\"column\">\n\t\t\t<div class=\"elementor-widget-wrap elementor-element-populated\">\n\t\t\t\t\t\t\t\t<div class=\"elementor-element elementor-element-b848a23 elementor-widget elementor-widget-gva-image-content\" data-id=\"b848a23\" data-element_type=\"widget\" data-widget_type=\"gva-image-content.default\">\n\t\t\t\t<div class=\"elementor-widget-container\">\n\t\t\t<div class=\"gva-element-gva-image-content gva-element\">      \r\n         <div class=\"gsc-image-content skin-v1\">\r\n        \r\n                  <div class=\"image\">\r\n                        <a href=\"#\">\r\n              <img decoding=\"async\" src=\"https:\/\/themegavias.com\/wp\/vizeon\/wp-content\/uploads\/2019\/06\/image-1.jpg\" alt=\"25+ years of experience\" \/>\r\n            <\/a>\r\n                          <h2 class=\"title\">\r\n                 25+ years of experience              <\/h2>\r\n             \r\n          <\/div>\r\n        \r\n                  <div class=\"image-second\">\r\n                        <a href=\"#\">\r\n              <img decoding=\"async\" src=\"http:\/\/anasta.fr\/wp-content\/uploads\/2023\/11\/anasta-implantation.jpg\" alt=\"25+ years of experience\" \/>\r\n            <\/a>\r\n          <\/div>\r\n        \r\n      <\/div>\r\n     \r\n    \r\n    \r\n\r\n    <\/div>\t\t<\/div>\n\t\t\t\t<\/div>\n\t\t\t\t\t<\/div>\n\t\t<\/div>\n\t\t\t\t<div class=\"elementor-column elementor-col-50 elementor-top-column elementor-element elementor-element-ba95adf\" data-id=\"ba95adf\" data-element_type=\"column\">\n\t\t\t<div class=\"elementor-widget-wrap elementor-element-populated\">\n\t\t\t\t\t\t\t\t<div class=\"elementor-element elementor-element-36c8206 elementor-widget elementor-widget-gva-heading-block\" data-id=\"36c8206\" data-element_type=\"widget\" data-widget_type=\"gva-heading-block.default\">\n\t\t\t\t<div class=\"elementor-widget-container\">\n\t\t\t<div class=\"gva-element-gva-heading-block gva-element\">   <div class=\"align-left style-1 widget gsc-heading\">\r\n      <div class=\"content-inner\">\r\n         \r\n                  \r\n                     <div class=\"sub-title\"><span>Qu&#039;est ce que<\/span><\/div>\r\n           \r\n         \r\n                     <h2 class=\"title\">\r\n               <span>Le Redressement Judiciaire<\/span>\r\n            <\/h2>\r\n                              <div class=\"title-desc\"><p>Le Redressement Judiciaire est la proc\u00e9dure qui suit la cessation des paiements d\u2019une soci\u00e9t\u00e9. La cessation de paiement est l\u2019impossibilit\u00e9 de faire face \u00e0 son passif exigible avec son actif disponible.<\/p><p>\u00a0<\/p><p>G\u00e9n\u00e9ralement et sauf disposition contraire du jugement d\u2019ouverture, le dirigeant conserve la gestion de sa soci\u00e9t\u00e9 avec des missions variables de l\u2019administrateur Judiciaire.<\/p><p>\u00a0<\/p><p>Avec l\u2019assistance de l\u2019Administrateur Judiciaire, une r\u00e9organisation de l\u2019activit\u00e9 de l\u2019entreprise est mise en place afin d\u2019\u00e9tablir les perspectives de Redressement de celle-ci et l\u2019organisation de l\u2019\u00e9talement de son passif selon un plan de Redressement pouvant aller jusqu\u2019\u00e0 10 ans maximum.<\/p><\/div>\r\n         \r\n         \r\n      <\/div>\r\n   <\/div>\r\n   <div class=\"clearfix\"><\/div>\r\n<\/div>\t\t<\/div>\n\t\t\t\t<\/div>\n\t\t\t\t\t<\/div>\n\t\t<\/div>\n\t\t\t\t\t\t\t<\/div>\n\t\t<\/section>\n\t\t<div class=\"elementor-element elementor-element-b936b08 e-flex e-con-boxed e-con e-parent\" data-id=\"b936b08\" data-element_type=\"container\" data-settings=\"{&quot;background_background&quot;:&quot;classic&quot;,&quot;content_width&quot;:&quot;boxed&quot;}\" data-core-v316-plus=\"true\">\n\t\t\t\t\t<div class=\"e-con-inner\">\n\t\t\t\t<div class=\"elementor-element elementor-element-d047e87 elementor-widget elementor-widget-gva-heading-block\" data-id=\"d047e87\" data-element_type=\"widget\" data-widget_type=\"gva-heading-block.default\">\n\t\t\t\t<div class=\"elementor-widget-container\">\n\t\t\t<div class=\"gva-element-gva-heading-block gva-element\">   <div class=\"align-left style-1 widget gsc-heading\">\r\n      <div class=\"content-inner\">\r\n         \r\n                  \r\n           \r\n         \r\n                     <h2 class=\"title\">\r\n               <span>Conditions <br>d\u2019ouverture<\/span>\r\n            <\/h2>\r\n                  \r\n         \r\n      <\/div>\r\n   <\/div>\r\n   <div class=\"clearfix\"><\/div>\r\n<\/div>\t\t<\/div>\n\t\t\t\t<\/div>\n\t\t\t\t<div class=\"elementor-element elementor-element-0e8bf2c elementor-widget elementor-widget-text-editor\" data-id=\"0e8bf2c\" data-element_type=\"widget\" data-widget_type=\"text-editor.default\">\n\t\t\t\t<div class=\"elementor-widget-container\">\n\t\t\t<style>\/*! elementor - v3.17.0 - 01-11-2023 *\/\n.elementor-widget-text-editor.elementor-drop-cap-view-stacked .elementor-drop-cap{background-color:#69727d;color:#fff}.elementor-widget-text-editor.elementor-drop-cap-view-framed .elementor-drop-cap{color:#69727d;border:3px solid;background-color:transparent}.elementor-widget-text-editor:not(.elementor-drop-cap-view-default) .elementor-drop-cap{margin-top:8px}.elementor-widget-text-editor:not(.elementor-drop-cap-view-default) .elementor-drop-cap-letter{width:1em;height:1em}.elementor-widget-text-editor .elementor-drop-cap{float:left;text-align:center;line-height:1;font-size:50px}.elementor-widget-text-editor .elementor-drop-cap-letter{display:inline-block}<\/style>\t\t\t\t<p>L\u2019ouverture d\u2019une proc\u00e9dure de Redressement Judiciaire est obligatoire d\u00e8s lors que la soci\u00e9t\u00e9 se trouve en \u00e9tat de cessation des paiements.<\/p><p>Le dirigeant doit alors d\u00e9poser une d\u00e9claration de cessation des paiements aupr\u00e8s du greffe du Tribunal de commerce ou Tribunal judiciaire dont il d\u00e9pend.<\/p>\t\t\t\t\t\t<\/div>\n\t\t\t\t<\/div>\n\t\t\t\t\t<\/div>\n\t\t\t\t<\/div>\n\t\t<div class=\"elementor-element elementor-element-1717824 e-flex e-con-boxed e-con e-parent\" data-id=\"1717824\" data-element_type=\"container\" data-settings=\"{&quot;background_background&quot;:&quot;classic&quot;,&quot;content_width&quot;:&quot;boxed&quot;}\" data-core-v316-plus=\"true\">\n\t\t\t\t\t<div class=\"e-con-inner\">\n\t\t\t\t<div class=\"elementor-element elementor-element-84c302a elementor-widget elementor-widget-gva-heading-block\" data-id=\"84c302a\" data-element_type=\"widget\" data-widget_type=\"gva-heading-block.default\">\n\t\t\t\t<div class=\"elementor-widget-container\">\n\t\t\t<div class=\"gva-element-gva-heading-block gva-element\">   <div class=\"align-left style-1 widget gsc-heading\">\r\n      <div class=\"content-inner\">\r\n         \r\n                  \r\n           \r\n         \r\n                     <h2 class=\"title\">\r\n               <span>D\u00e9roulement <\/span>\r\n            <\/h2>\r\n                  \r\n         \r\n      <\/div>\r\n   <\/div>\r\n   <div class=\"clearfix\"><\/div>\r\n<\/div>\t\t<\/div>\n\t\t\t\t<\/div>\n\t\t<div class=\"elementor-element elementor-element-b0a0fe4 e-con-full e-flex e-con e-child\" data-id=\"b0a0fe4\" data-element_type=\"container\" data-settings=\"{&quot;content_width&quot;:&quot;full&quot;}\">\n\t\t\t\t<div class=\"elementor-element elementor-element-d8e1f5d elementor-widget__width-initial elementor-position-top elementor-widget elementor-widget-image-box\" data-id=\"d8e1f5d\" data-element_type=\"widget\" data-widget_type=\"image-box.default\">\n\t\t\t\t<div class=\"elementor-widget-container\">\n\t\t\t<style>\/*! elementor - v3.17.0 - 01-11-2023 *\/\n.elementor-widget-image-box .elementor-image-box-content{width:100%}@media (min-width:768px){.elementor-widget-image-box.elementor-position-left .elementor-image-box-wrapper,.elementor-widget-image-box.elementor-position-right .elementor-image-box-wrapper{display:flex}.elementor-widget-image-box.elementor-position-right .elementor-image-box-wrapper{text-align:right;flex-direction:row-reverse}.elementor-widget-image-box.elementor-position-left .elementor-image-box-wrapper{text-align:left;flex-direction:row}.elementor-widget-image-box.elementor-position-top .elementor-image-box-img{margin:auto}.elementor-widget-image-box.elementor-vertical-align-top .elementor-image-box-wrapper{align-items:flex-start}.elementor-widget-image-box.elementor-vertical-align-middle .elementor-image-box-wrapper{align-items:center}.elementor-widget-image-box.elementor-vertical-align-bottom .elementor-image-box-wrapper{align-items:flex-end}}@media (max-width:767px){.elementor-widget-image-box .elementor-image-box-img{margin-left:auto!important;margin-right:auto!important;margin-bottom:15px}}.elementor-widget-image-box .elementor-image-box-img{display:inline-block}.elementor-widget-image-box .elementor-image-box-title a{color:inherit}.elementor-widget-image-box .elementor-image-box-wrapper{text-align:center}.elementor-widget-image-box .elementor-image-box-description{margin:0}<\/style><div class=\"elementor-image-box-wrapper\"><figure class=\"elementor-image-box-img\"><img loading=\"lazy\" decoding=\"async\" width=\"128\" height=\"128\" src=\"https:\/\/anasta.fr\/wp-content\/uploads\/2023\/10\/numero-anasta-1.png\" class=\"attachment-full size-full wp-image-6272\" alt=\"\" \/><\/figure><div class=\"elementor-image-box-content\"><p class=\"elementor-image-box-description\">Le Tribunal de commerce ouvre la proc\u00e9dure de Redressement Judiciaire. Toutes les dettes ant\u00e9rieures au jugement d\u2019ouverture sont gel\u00e9es et ne peuvent plus faire l\u2019objet d\u2019un paiement. <\/p><\/div><\/div>\t\t<\/div>\n\t\t\t\t<\/div>\n\t\t\t\t<div class=\"elementor-element elementor-element-fc4e872 elementor-widget__width-initial elementor-position-top elementor-widget elementor-widget-image-box\" data-id=\"fc4e872\" data-element_type=\"widget\" data-widget_type=\"image-box.default\">\n\t\t\t\t<div class=\"elementor-widget-container\">\n\t\t\t<div class=\"elementor-image-box-wrapper\"><figure class=\"elementor-image-box-img\"><img loading=\"lazy\" decoding=\"async\" width=\"128\" height=\"129\" src=\"https:\/\/anasta.fr\/wp-content\/uploads\/2023\/10\/numero-anasta-2.png\" class=\"attachment-full size-full wp-image-6273\" alt=\"\" \/><\/figure><div class=\"elementor-image-box-content\"><p class=\"elementor-image-box-description\">S\u2019ensuit une p\u00e9riode d\u2019observation de 6 mois renouvelable 2 fois maximum, pendant laquelle il sera possible de r\u00e9organiser la soci\u00e9t\u00e9, voire d\u2019en c\u00e9der tout ou partie \u00e0 un repreneur. <\/p><\/div><\/div>\t\t<\/div>\n\t\t\t\t<\/div>\n\t\t\t\t<div class=\"elementor-element elementor-element-ebad3d9 elementor-widget__width-initial elementor-position-top elementor-widget elementor-widget-image-box\" data-id=\"ebad3d9\" data-element_type=\"widget\" data-widget_type=\"image-box.default\">\n\t\t\t\t<div class=\"elementor-widget-container\">\n\t\t\t<div class=\"elementor-image-box-wrapper\"><figure class=\"elementor-image-box-img\"><img loading=\"lazy\" decoding=\"async\" width=\"128\" height=\"129\" src=\"https:\/\/anasta.fr\/wp-content\/uploads\/2023\/10\/numero-anasta-3.png\" class=\"attachment-full size-full wp-image-6274\" alt=\"\" \/><\/figure><div class=\"elementor-image-box-content\"><p class=\"elementor-image-box-description\">A l\u2019issue de cette p\u00e9riode d\u2019observation, un plan de Redressement pourra \u00eatre adopt\u00e9 permettant d\u2019\u00e9taler dans le temps le remboursement du passif ant\u00e9rieur au jugement d\u2019ouverture de la proc\u00e9dure. <\/p><\/div><\/div>\t\t<\/div>\n\t\t\t\t<\/div>\n\t\t\t\t<div class=\"elementor-element elementor-element-06e4ec2 elementor-widget__width-initial elementor-position-top elementor-widget elementor-widget-image-box\" data-id=\"06e4ec2\" data-element_type=\"widget\" data-widget_type=\"image-box.default\">\n\t\t\t\t<div class=\"elementor-widget-container\">\n\t\t\t<div class=\"elementor-image-box-wrapper\"><figure class=\"elementor-image-box-img\"><img loading=\"lazy\" decoding=\"async\" width=\"128\" height=\"129\" src=\"https:\/\/anasta.fr\/wp-content\/uploads\/2023\/10\/numero-anasta-4.png\" class=\"attachment-full size-full wp-image-6275\" alt=\"\" \/><\/figure><div class=\"elementor-image-box-content\"><p class=\"elementor-image-box-description\">Si la soci\u00e9t\u00e9 est de nouveau en cessation des paiements lors de la p\u00e9riode d\u2019observation, alors la proc\u00e9dure sera convertie en Liquidation Judiciaire et les \u00e9l\u00e9ments de la soci\u00e9t\u00e9 seront vendus afin de remboursement au maximum les cr\u00e9anciers. <\/p><\/div><\/div>\t\t<\/div>\n\t\t\t\t<\/div>\n\t\t\t\t<\/div>\n\t\t<div class=\"elementor-element elementor-element-a382bc9 e-flex e-con-boxed e-con e-child\" data-id=\"a382bc9\" data-element_type=\"container\" data-settings=\"{&quot;content_width&quot;:&quot;boxed&quot;}\">\n\t\t\t\t\t<div class=\"e-con-inner\">\n\t\t\t\t<div class=\"elementor-element elementor-element-9c4dda7 elementor-widget elementor-widget-text-editor\" data-id=\"9c4dda7\" data-element_type=\"widget\" data-widget_type=\"text-editor.default\">\n\t\t\t\t<div class=\"elementor-widget-container\">\n\t\t\t\t\t\t\t<p>La proc\u00e9dure de Redressement Judiciaire prend fin de 3 mani\u00e8res :<\/p>\t\t\t\t\t\t<\/div>\n\t\t\t\t<\/div>\n\t\t\t\t<div class=\"elementor-element elementor-element-0bfdca6 elementor-icon-list--layout-traditional elementor-list-item-link-full_width elementor-widget elementor-widget-icon-list\" data-id=\"0bfdca6\" data-element_type=\"widget\" data-widget_type=\"icon-list.default\">\n\t\t\t\t<div class=\"elementor-widget-container\">\n\t\t\t<link rel=\"stylesheet\" href=\"https:\/\/anasta.fr\/wp-content\/plugins\/elementor\/assets\/css\/widget-icon-list.min.css\">\t\t<ul class=\"elementor-icon-list-items\">\n\t\t\t\t\t\t\t<li class=\"elementor-icon-list-item\">\n\t\t\t\t\t\t\t\t\t\t\t<span class=\"elementor-icon-list-icon\">\n\t\t\t\t\t\t\t<i aria-hidden=\"true\" class=\"fas fa-minus\"><\/i>\t\t\t\t\t\t<\/span>\n\t\t\t\t\t\t\t\t\t\t<span class=\"elementor-icon-list-text\">Adoption d\u2019un plan de cession de tout ou partie de la soci\u00e9t\u00e9 <\/span>\n\t\t\t\t\t\t\t\t\t<\/li>\n\t\t\t\t\t\t\t\t<li class=\"elementor-icon-list-item\">\n\t\t\t\t\t\t\t\t\t\t\t<span class=\"elementor-icon-list-icon\">\n\t\t\t\t\t\t\t<i aria-hidden=\"true\" class=\"fas fa-minus\"><\/i>\t\t\t\t\t\t<\/span>\n\t\t\t\t\t\t\t\t\t\t<span class=\"elementor-icon-list-text\">Adoption d\u2019un plan de Redressement : continuation de l\u2019activit\u00e9 et \u00e9talement sur 10 ans maximum du remboursement du passif ant\u00e9rieur<\/span>\n\t\t\t\t\t\t\t\t\t<\/li>\n\t\t\t\t\t\t\t\t<li class=\"elementor-icon-list-item\">\n\t\t\t\t\t\t\t\t\t\t\t<span class=\"elementor-icon-list-icon\">\n\t\t\t\t\t\t\t<i aria-hidden=\"true\" class=\"fas fa-minus\"><\/i>\t\t\t\t\t\t<\/span>\n\t\t\t\t\t\t\t\t\t\t<span class=\"elementor-icon-list-text\">Liquidation Judiciaire de la soci\u00e9t\u00e9 : impossibilit\u00e9 de redresser l\u2019activit\u00e9, dissolution de la soci\u00e9t\u00e9 et vente de ses biens pour rembourser le passif ant\u00e9rieur <\/span>\n\t\t\t\t\t\t\t\t\t<\/li>\n\t\t\t\t\t\t<\/ul>\n\t\t\t\t<\/div>\n\t\t\t\t<\/div>\n\t\t\t\t\t<\/div>\n\t\t\t\t<\/div>\n\t\t\t\t\t<\/div>\n\t\t\t\t<\/div>\n\t\t<div class=\"elementor-element elementor-element-cd688c6 e-flex e-con-boxed e-con e-parent\" data-id=\"cd688c6\" data-element_type=\"container\" data-settings=\"{&quot;content_width&quot;:&quot;boxed&quot;}\" data-core-v316-plus=\"true\">\n\t\t\t\t\t<div class=\"e-con-inner\">\n\t\t\t\t<div class=\"elementor-element elementor-element-d34c278 elementor-widget elementor-widget-heading\" data-id=\"d34c278\" data-element_type=\"widget\" data-widget_type=\"heading.default\">\n\t\t\t\t<div class=\"elementor-widget-container\">\n\t\t\t<style>\/*! elementor - v3.17.0 - 01-11-2023 *\/\n.elementor-heading-title{padding:0;margin:0;line-height:1}.elementor-widget-heading .elementor-heading-title[class*=elementor-size-]>a{color:inherit;font-size:inherit;line-height:inherit}.elementor-widget-heading .elementor-heading-title.elementor-size-small{font-size:15px}.elementor-widget-heading .elementor-heading-title.elementor-size-medium{font-size:19px}.elementor-widget-heading .elementor-heading-title.elementor-size-large{font-size:29px}.elementor-widget-heading .elementor-heading-title.elementor-size-xl{font-size:39px}.elementor-widget-heading .elementor-heading-title.elementor-size-xxl{font-size:59px}<\/style><div class=\"elementor-heading-title elementor-size-default\">Int\u00e9ress\u00e9 ? <br>Vous avez des questions ?<\/div>\t\t<\/div>\n\t\t\t\t<\/div>\n\t\t\t\t<div class=\"elementor-element elementor-element-e1bb13f elementor-widget elementor-widget-button\" data-id=\"e1bb13f\" data-element_type=\"widget\" data-widget_type=\"button.default\">\n\t\t\t\t<div class=\"elementor-widget-container\">\n\t\t\t\t\t<div class=\"elementor-button-wrapper\">\n\t\t\t<a class=\"elementor-button elementor-button-link elementor-size-md\" href=\"https:\/\/anasta.fr\/en\/contact\/\">\n\t\t\t\t\t\t<span class=\"elementor-button-content-wrapper\">\n\t\t\t\t\t\t<span class=\"elementor-button-text\">Contactez-nous<\/span>\n\t\t<\/span>\n\t\t\t\t\t<\/a>\n\t\t<\/div>\n\t\t\t\t<\/div>\n\t\t\t\t<\/div>\n\t\t\t\t\t<\/div>\n\t\t\t\t<\/div>\n\t\t\t\t\t\t\t<\/div>","protected":false},"excerpt":{"rendered":"<p>25+ years of experience Qu&#039;est ce que Le Redressement Judiciaire Le Redressement Judiciaire est la proc\u00e9dure qui suit la cessation des paiements d\u2019une soci\u00e9t\u00e9. La cessation de paiement est l\u2019impossibilit\u00e9 de faire face \u00e0 son passif exigible avec son actif disponible. \u00a0 G\u00e9n\u00e9ralement et sauf disposition contraire du jugement d\u2019ouverture, le dirigeant conserve la gestion [&hellip;]<\/p>","protected":false},"author":1,"featured_media":0,"parent":0,"menu_order":0,"comment_status":"closed","ping_status":"closed","template":"","meta":{"footnotes":""},"class_list":["post-5442","page","type-page","status-publish","hentry"],"_links":{"self":[{"href":"https:\/\/anasta.fr\/en\/wp-json\/wp\/v2\/pages\/5442","targetHints":{"allow":["GET"]}}],"collection":[{"href":"https:\/\/anasta.fr\/en\/wp-json\/wp\/v2\/pages"}],"about":[{"href":"https:\/\/anasta.fr\/en\/wp-json\/wp\/v2\/types\/page"}],"author":[{"embeddable":true,"href":"https:\/\/anasta.fr\/en\/wp-json\/wp\/v2\/users\/1"}],"replies":[{"embeddable":true,"href":"https:\/\/anasta.fr\/en\/wp-json\/wp\/v2\/comments?post=5442"}],"version-history":[{"count":50,"href":"https:\/\/anasta.fr\/en\/wp-json\/wp\/v2\/pages\/5442\/revisions"}],"predecessor-version":[{"id":6981,"href":"https:\/\/anasta.fr\/en\/wp-json\/wp\/v2\/pages\/5442\/revisions\/6981"}],"wp:attachment":[{"href":"https:\/\/anasta.fr\/en\/wp-json\/wp\/v2\/media?parent=5442"}],"curies":[{"name":"wp","href":"https:\/\/api.w.org\/{rel}","templated":true}]}}